{"id":13048,"date":"2023-12-29T09:52:20","date_gmt":"2023-12-29T08:52:20","guid":{"rendered":"https:\/\/dev.genushair.com\/balance\/"},"modified":"2024-02-21T15:49:50","modified_gmt":"2024-02-21T14:49:50","slug":"balance","status":"publish","type":"page","link":"https:\/\/genushair.com\/es\/balance\/","title":{"rendered":"Balance"},"content":{"rendered":"\t\t<div data-elementor-type=\"wp-page\" data-elementor-id=\"13048\" class=\"elementor elementor-13048 elementor-8727\">\n\t\t\t\t\t\t<section class=\"elementor-section elementor-top-section elementor-element elementor-element-9324308 elementor-section-boxed elementor-section-height-default elementor-section-height-default\" data-id=\"9324308\" data-element_type=\"section\" data-settings=\"{&quot;background_background&quot;:&quot;classic&quot;}\">\n\t\t\t\t\t\t<div class=\"elementor-container elementor-column-gap-default\">\n\t\t\t\t\t<div class=\"elementor-column elementor-col-100 elementor-top-column elementor-element elementor-element-f91276c\" data-id=\"f91276c\" data-element_type=\"column\">\n\t\t\t<div class=\"elementor-widget-wrap elementor-element-populated\">\n\t\t\t\t\t\t<div class=\"elementor-element elementor-element-d9c92a0 elementor-widget elementor-widget-drleigh_core_separator\" data-id=\"d9c92a0\" data-element_type=\"widget\" data-widget_type=\"drleigh_core_separator.default\">\n\t\t\t\t<div class=\"elementor-widget-container\">\n\t\t\t\t\t<div class=\"qodef-shortcode qodef-m  qodef-separator clear  \">\n\t<div class=\"qodef-m-line\" style=\"border-color: #02010100\"><\/div>\n<\/div>\n\t\t\t\t<\/div>\n\t\t\t\t<\/div>\n\t\t\t\t\t<\/div>\n\t\t<\/div>\n\t\t\t\t\t<\/div>\n\t\t<\/section>\n\t\t\t\t<section class=\"elementor-section elementor-top-section elementor-element elementor-element-531e04e qodef-elementor-content-grid elementor-section-boxed elementor-section-height-default elementor-section-height-default\" data-id=\"531e04e\" data-element_type=\"section\">\n\t\t\t\t\t\t<div class=\"elementor-container elementor-column-gap-default\">\n\t\t\t\t\t<div class=\"elementor-column elementor-col-100 elementor-top-column elementor-element elementor-element-7f301c1\" data-id=\"7f301c1\" data-element_type=\"column\">\n\t\t\t<div class=\"elementor-widget-wrap elementor-element-populated\">\n\t\t\t\t\t\t<div class=\"elementor-element elementor-element-317daec elementor-widget elementor-widget-drleigh_core_section_title\" data-id=\"317daec\" data-element_type=\"widget\" data-widget_type=\"drleigh_core_section_title.default\">\n\t\t\t\t<div class=\"elementor-widget-container\">\n\t\t\t\t\t<div class=\"qodef-shortcode qodef-m  qodef-section-title qodef-alignment--center \">\n\t\t\t<h1 class=\"qodef-m-title\" >\n\t\tBALANCE\t<\/h1>\n\t\t<p class=\"qodef-m-text\" style=\"margin-top: 11px;font-size: 17px\">\n<\/p>\n\t<\/div>\n\t\t\t\t<\/div>\n\t\t\t\t<\/div>\n\t\t\t\t<div class=\"elementor-element elementor-element-dc910ab elementor-widget elementor-widget-text-editor\" data-id=\"dc910ab\" data-element_type=\"widget\" data-widget_type=\"text-editor.default\">\n\t\t\t\t<div class=\"elementor-widget-container\">\n\t\t\t\t\t\t\t\t\t<h5 style=\"text-transform: none; font-size: 24px; text-align: center; margin-bottom: 4px; margin-top: 4px;\">For greasy scalp &amp; hair<\/h5>\t\t\t\t\t\t\t\t<\/div>\n\t\t\t\t<\/div>\n\t\t\t\t<div class=\"elementor-element elementor-element-b5acf20 elementor-widget elementor-widget-text-editor\" data-id=\"b5acf20\" data-element_type=\"widget\" data-widget_type=\"text-editor.default\">\n\t\t\t\t<div class=\"elementor-widget-container\">\n\t\t\t\t\t\t\t\t\t<p style=\"text-align: center;\"><span data-sheets-value=\"{\"1\":2,\"2\":\"Shampoo riequilibrante per cute e capelli grassi. Riduce efficacemente gli eccessi di sebo dai capelli, rendendoli lucidi e vitali. \"}\" data-sheets-userformat=\"{\"2\":15299,\"3\":{\"1\":0},\"4\":{\"1\":2,\"2\":16777215},\"9\":0,\"10\":1,\"11\":4,\"12\":0,\"14\":{\"1\":2,\"2\":6710886},\"15\":\"Roboto\",\"16\":11}\">Champ\u00fa reequilibrante para cuero cabelludo y cabello graso. Reduce eficazmente el exceso de sebo del cabello, dej\u00e1ndolo brillante y vital. <\/span><\/p>\n<p style=\"text-align: center;\"><span data-sheets-value=\"{\"1\":2,\"2\":\"Shampoo riequilibrante per cute e capelli grassi. Riduce efficacemente gli eccessi di sebo dai capelli, rendendoli lucidi e vitali. \"}\" data-sheets-userformat=\"{\"2\":15299,\"3\":{\"1\":0},\"4\":{\"1\":2,\"2\":16777215},\"9\":0,\"10\":1,\"11\":4,\"12\":0,\"14\":{\"1\":2,\"2\":6710886},\"15\":\"Roboto\",\"16\":11}\">Purifica la piel realizando una acci\u00f3n reequilibrante.<\/span><\/p>\n<p style=\"text-align: center;\"><strong>tensioactivos y prote\u00ednas del trigo<\/strong><\/p>\n<p style=\"text-align: center;\">La presencia combinada de Prote\u00ednas del Trigo y Tensioactivos delicados permite desarrollar una acci\u00f3n dermoequilibrante y purificadora en el cuero cabelludo, dejando el cabello fuerte, ligero y brillante.<\/p>\n\t\t\t\t\t\t\t\t<\/div>\n\t\t\t\t<\/div>\n\t\t\t\t\t<\/div>\n\t\t<\/div>\n\t\t\t\t\t<\/div>\n\t\t<\/section>\n\t\t\t\t<section class=\"elementor-section elementor-top-section elementor-element elementor-element-49b7ef4 qodef-elementor-content-grid elementor-section-boxed elementor-section-height-default elementor-section-height-default\" data-id=\"49b7ef4\" data-element_type=\"section\" data-settings=\"{&quot;background_background&quot;:&quot;classic&quot;}\">\n\t\t\t\t\t\t<div class=\"elementor-container elementor-column-gap-default\">\n\t\t\t\t\t<div class=\"elementor-column elementor-col-50 elementor-top-column elementor-element elementor-element-329c25f\" data-id=\"329c25f\" data-element_type=\"column\" data-settings=\"{&quot;background_background&quot;:&quot;classic&quot;}\">\n\t\t\t<div class=\"elementor-widget-wrap elementor-element-populated\">\n\t\t\t\t\t\t<div class=\"elementor-element elementor-element-8fd7668 elementor-widget elementor-widget-drleigh_core_separator\" data-id=\"8fd7668\" data-element_type=\"widget\" data-widget_type=\"drleigh_core_separator.default\">\n\t\t\t\t<div class=\"elementor-widget-container\">\n\t\t\t\t\t<div class=\"qodef-shortcode qodef-m  qodef-separator clear  \">\n\t<div class=\"qodef-m-line\" style=\"border-color: #02010100\"><\/div>\n<\/div>\n\t\t\t\t<\/div>\n\t\t\t\t<\/div>\n\t\t\t\t\t<\/div>\n\t\t<\/div>\n\t\t\t\t<div class=\"elementor-column elementor-col-50 elementor-top-column elementor-element elementor-element-6124c05\" data-id=\"6124c05\" data-element_type=\"column\" data-settings=\"{&quot;background_background&quot;:&quot;classic&quot;}\">\n\t\t\t<div class=\"elementor-widget-wrap elementor-element-populated\">\n\t\t\t\t\t\t<div class=\"elementor-element elementor-element-0ddb526 elementor-widget elementor-widget-drleigh_core_section_title\" data-id=\"0ddb526\" data-element_type=\"widget\" data-widget_type=\"drleigh_core_section_title.default\">\n\t\t\t\t<div class=\"elementor-widget-container\">\n\t\t\t\t\t<div class=\"qodef-shortcode qodef-m  qodef-section-title qodef-alignment--left qodef-title-break--disabled\">\n\t\t\t<h4 class=\"qodef-m-title\" >\n\t\tchamp\u00fa sebo-regulador\t<\/h4>\n\t\t<p class=\"qodef-m-text\" >Champ\u00fa sebo-regulador para el cuero cabelludo y el cabello grasos.\nSu f\u00f3rmula equilibrada a base de Tensioactivos delicados y Prote\u00ednas del Trigo, elimina eficazmente las acumulaciones de grasa del cabello, volvi\u00e9ndolo brillante y vital. Purifica el cuero cabelludo, cumpliendo una acci\u00f3n dermo-equilibrante.<\/p>\n\t<\/div>\n\t\t\t\t<\/div>\n\t\t\t\t<\/div>\n\t\t\t\t\t<\/div>\n\t\t<\/div>\n\t\t\t\t\t<\/div>\n\t\t<\/section>\n\t\t\t\t<section class=\"elementor-section elementor-top-section elementor-element elementor-element-bbe2c41 qodef-elementor-content-grid elementor-section-boxed elementor-section-height-default elementor-section-height-default\" data-id=\"bbe2c41\" data-element_type=\"section\" data-settings=\"{&quot;background_background&quot;:&quot;classic&quot;}\">\n\t\t\t\t\t\t<div class=\"elementor-container elementor-column-gap-default\">\n\t\t\t\t\t<div class=\"elementor-column elementor-col-50 elementor-top-column elementor-element elementor-element-93e9a75\" data-id=\"93e9a75\" data-element_type=\"column\" data-settings=\"{&quot;background_background&quot;:&quot;classic&quot;}\">\n\t\t\t<div class=\"elementor-widget-wrap elementor-element-populated\">\n\t\t\t\t\t\t<div class=\"elementor-element elementor-element-7b358b3 elementor-widget elementor-widget-drleigh_core_section_title\" data-id=\"7b358b3\" data-element_type=\"widget\" data-widget_type=\"drleigh_core_section_title.default\">\n\t\t\t\t<div class=\"elementor-widget-container\">\n\t\t\t\t\t<div class=\"qodef-shortcode qodef-m  qodef-section-title qodef-alignment--left qodef-title-break--disabled\">\n\t\t\t<h4 class=\"qodef-m-title\" >\n\t\tver el v\u00eddeo\t<\/h4>\n\t\t<p class=\"qodef-m-text\" >Escuche los consejos de nuestros expertos para Balance\n\n<\/p>\n\t<\/div>\n\t\t\t\t<\/div>\n\t\t\t\t<\/div>\n\t\t\t\t\t<\/div>\n\t\t<\/div>\n\t\t\t\t<div class=\"elementor-column elementor-col-50 elementor-top-column elementor-element elementor-element-4ba5344\" data-id=\"4ba5344\" data-element_type=\"column\" data-settings=\"{&quot;background_background&quot;:&quot;classic&quot;}\">\n\t\t\t<div class=\"elementor-widget-wrap elementor-element-populated\">\n\t\t\t\t\t\t<div class=\"elementor-element elementor-element-c4ea7a2 elementor-widget elementor-widget-html\" data-id=\"c4ea7a2\" data-element_type=\"widget\" data-widget_type=\"html.default\">\n\t\t\t\t<div class=\"elementor-widget-container\">\n\t\t\t\t\t<iframe width=\"1000\" height=\"380\" src=\"https:\/\/www.youtube.com\/embed\/5tagBZ0vw1Q?si=vt6xFVeKB22hxvP0\" title=\"reproductor de v\u00eddeos de YouTube\" frameborder=\"0\" allow=\"accelerometer; autoplay; clipboard-write; encrypted-media; gyroscope; picture-in-picture; web-share\" allowfullscreen=\"\"><\/iframe>\t\t\t\t<\/div>\n\t\t\t\t<\/div>\n\t\t\t\t\t<\/div>\n\t\t<\/div>\n\t\t\t\t\t<\/div>\n\t\t<\/section>\n\t\t<div class=\"elementor-element elementor-element-cc591f6 e-flex e-con-boxed e-con e-parent\" data-id=\"cc591f6\" data-element_type=\"container\">\n\t\t\t\t\t<div class=\"e-con-inner\">\n\t\t\t\t<div class=\"elementor-element elementor-element-026ea16 elementor-widget__width-initial elementor-widget elementor-widget-heading\" data-id=\"026ea16\" data-element_type=\"widget\" data-widget_type=\"heading.default\">\n\t\t\t\t<div class=\"elementor-widget-container\">\n\t\t\t\t\t<h2 class=\"elementor-heading-title elementor-size-default\">CON PROTE\u00cdNAS DE TRIGO<\/h2>\t\t\t\t<\/div>\n\t\t\t\t<\/div>\n\t\t\t\t\t<\/div>\n\t\t\t\t<\/div>\n\t\t<div class=\"elementor-element elementor-element-0f1bdaa e-flex e-con-boxed e-con e-parent\" data-id=\"0f1bdaa\" data-element_type=\"container\">\n\t\t\t\t\t<div class=\"e-con-inner\">\n\t\t\t\t<div class=\"elementor-element elementor-element-4847720 elementor-align-center elementor-widget elementor-widget-button\" data-id=\"4847720\" data-element_type=\"widget\" data-widget_type=\"button.default\">\n\t\t\t\t<div class=\"elementor-widget-container\">\n\t\t\t\t\t\t\t\t\t<div class=\"elementor-button-wrapper\">\n\t\t\t\t\t<a class=\"elementor-button elementor-button-link elementor-size-md\" href=\"\/es\/lineas\/\">\n\t\t\t\t\t\t<span class=\"elementor-button-content-wrapper\">\n\t\t\t\t\t\t\t\t\t<span class=\"elementor-button-text\">Ir a todas las l\u00edneas<\/span>\n\t\t\t\t\t<\/span>\n\t\t\t\t\t<\/a>\n\t\t\t\t<\/div>\n\t\t\t\t\t\t\t\t<\/div>\n\t\t\t\t<\/div>\n\t\t\t\t\t<\/div>\n\t\t\t\t<\/div>\n\t\t\t\t<\/div>\n\t\t","protected":false},"excerpt":{"rendered":"<p>BALANCE For greasy scalp &amp; hair Champ\u00fa reequilibrante para cuero cabelludo y cabello graso. Reduce eficazmente el exceso de sebo del cabello, dej\u00e1ndolo brillante y vital. Purifica la piel realizando una acci\u00f3n reequilibrante. tensioactivos y prote\u00ednas del trigo La presencia combinada de Prote\u00ednas del Trigo y Tensioactivos delicados permite desarrollar una acci\u00f3n dermoequilibrante y purificadora [&hellip;]<\/p>\n","protected":false},"author":1,"featured_media":0,"parent":0,"menu_order":0,"comment_status":"closed","ping_status":"closed","template":"page-full-width.php","meta":{"footnotes":""},"class_list":["post-13048","page","type-page","status-publish","hentry"],"_links":{"self":[{"href":"https:\/\/genushair.com\/es\/wp-json\/wp\/v2\/pages\/13048","targetHints":{"allow":["GET"]}}],"collection":[{"href":"https:\/\/genushair.com\/es\/wp-json\/wp\/v2\/pages"}],"about":[{"href":"https:\/\/genushair.com\/es\/wp-json\/wp\/v2\/types\/page"}],"author":[{"embeddable":true,"href":"https:\/\/genushair.com\/es\/wp-json\/wp\/v2\/users\/1"}],"replies":[{"embeddable":true,"href":"https:\/\/genushair.com\/es\/wp-json\/wp\/v2\/comments?post=13048"}],"version-history":[{"count":22,"href":"https:\/\/genushair.com\/es\/wp-json\/wp\/v2\/pages\/13048\/revisions"}],"predecessor-version":[{"id":16763,"href":"https:\/\/genushair.com\/es\/wp-json\/wp\/v2\/pages\/13048\/revisions\/16763"}],"wp:attachment":[{"href":"https:\/\/genushair.com\/es\/wp-json\/wp\/v2\/media?parent=13048"}],"curies":[{"name":"wp","href":"https:\/\/api.w.org\/{rel}","templated":true}]}}