{"id":13076,"date":"2023-12-29T12:17:19","date_gmt":"2023-12-29T11:17:19","guid":{"rendered":"https:\/\/dev.genushair.com\/silver\/"},"modified":"2024-02-22T09:42:22","modified_gmt":"2024-02-22T08:42:22","slug":"silver","status":"publish","type":"page","link":"https:\/\/genushair.com\/es\/silver\/","title":{"rendered":"Silver"},"content":{"rendered":"\t\t<div data-elementor-type=\"wp-page\" data-elementor-id=\"13076\" class=\"elementor elementor-13076 elementor-8807\">\n\t\t\t\t\t\t<section class=\"elementor-section elementor-top-section elementor-element elementor-element-9324308 elementor-section-boxed elementor-section-height-default elementor-section-height-default\" data-id=\"9324308\" data-element_type=\"section\" data-settings=\"{&quot;background_background&quot;:&quot;classic&quot;}\">\n\t\t\t\t\t\t<div class=\"elementor-container elementor-column-gap-default\">\n\t\t\t\t\t<div class=\"elementor-column elementor-col-100 elementor-top-column elementor-element elementor-element-f91276c\" data-id=\"f91276c\" data-element_type=\"column\">\n\t\t\t<div class=\"elementor-widget-wrap elementor-element-populated\">\n\t\t\t\t\t\t<div class=\"elementor-element elementor-element-d9c92a0 elementor-widget elementor-widget-drleigh_core_separator\" data-id=\"d9c92a0\" data-element_type=\"widget\" data-widget_type=\"drleigh_core_separator.default\">\n\t\t\t\t<div class=\"elementor-widget-container\">\n\t\t\t\t\t<div class=\"qodef-shortcode qodef-m  qodef-separator clear  \">\n\t<div class=\"qodef-m-line\" style=\"border-color: #02010100\"><\/div>\n<\/div>\n\t\t\t\t<\/div>\n\t\t\t\t<\/div>\n\t\t\t\t\t<\/div>\n\t\t<\/div>\n\t\t\t\t\t<\/div>\n\t\t<\/section>\n\t\t\t\t<section class=\"elementor-section elementor-top-section elementor-element elementor-element-531e04e qodef-elementor-content-grid elementor-section-boxed elementor-section-height-default elementor-section-height-default\" data-id=\"531e04e\" data-element_type=\"section\">\n\t\t\t\t\t\t<div class=\"elementor-container elementor-column-gap-default\">\n\t\t\t\t\t<div class=\"elementor-column elementor-col-100 elementor-top-column elementor-element elementor-element-7f301c1\" data-id=\"7f301c1\" data-element_type=\"column\">\n\t\t\t<div class=\"elementor-widget-wrap elementor-element-populated\">\n\t\t\t\t\t\t<div class=\"elementor-element elementor-element-317daec elementor-widget elementor-widget-drleigh_core_section_title\" data-id=\"317daec\" data-element_type=\"widget\" data-widget_type=\"drleigh_core_section_title.default\">\n\t\t\t\t<div class=\"elementor-widget-container\">\n\t\t\t\t\t<div class=\"qodef-shortcode qodef-m  qodef-section-title qodef-alignment--center \">\n\t\t\t<h1 class=\"qodef-m-title\" >\n\t\tSILVER\t<\/h1>\n\t\t<p class=\"qodef-m-text\" style=\"margin-top: 11px;font-size: 17px\">\n<\/p>\n\t<\/div>\n\t\t\t\t<\/div>\n\t\t\t\t<\/div>\n\t\t\t\t<div class=\"elementor-element elementor-element-f0c1f75 elementor-widget elementor-widget-text-editor\" data-id=\"f0c1f75\" data-element_type=\"widget\" data-widget_type=\"text-editor.default\">\n\t\t\t\t<div class=\"elementor-widget-container\">\n\t\t\t\t\t\t\t\t\t<h5 style=\"text-transform: none; font-size: 24px; text-align: center; margin-bottom: 4px; margin-top: 4px;\">No yellow effect<\/h5>\t\t\t\t\t\t\t\t<\/div>\n\t\t\t\t<\/div>\n\t\t\t\t<div class=\"elementor-element elementor-element-9c2881c elementor-widget elementor-widget-drleigh_core_section_title\" data-id=\"9c2881c\" data-element_type=\"widget\" data-widget_type=\"drleigh_core_section_title.default\">\n\t\t\t\t<div class=\"elementor-widget-container\">\n\t\t\t\t\t<div class=\"qodef-shortcode qodef-m  qodef-section-title qodef-alignment--center \">\n\t\t\t\t<p class=\"qodef-m-text\" style=\"margin-top: 11px;font-size: 17px\">La l\u00ednea Silver confiere al cabello un efecto fr\u00edo y brillante evitando los molestos tonos amarillos.<\/p>\n\t<\/div>\n\t\t\t\t<\/div>\n\t\t\t\t<\/div>\n\t\t\t\t\t<\/div>\n\t\t<\/div>\n\t\t\t\t\t<\/div>\n\t\t<\/section>\n\t\t\t\t<section class=\"elementor-section elementor-top-section elementor-element elementor-element-81c5fb4 qodef-elementor-content-grid elementor-section-boxed elementor-section-height-default elementor-section-height-default\" data-id=\"81c5fb4\" data-element_type=\"section\" data-settings=\"{&quot;background_background&quot;:&quot;classic&quot;}\">\n\t\t\t\t\t\t<div class=\"elementor-container elementor-column-gap-default\">\n\t\t\t\t\t<div class=\"elementor-column elementor-col-50 elementor-top-column elementor-element elementor-element-1799c1f\" data-id=\"1799c1f\" data-element_type=\"column\" data-settings=\"{&quot;background_background&quot;:&quot;classic&quot;}\">\n\t\t\t<div class=\"elementor-widget-wrap elementor-element-populated\">\n\t\t\t\t\t\t<div class=\"elementor-element elementor-element-b701da1 elementor-widget elementor-widget-drleigh_core_separator\" data-id=\"b701da1\" data-element_type=\"widget\" data-widget_type=\"drleigh_core_separator.default\">\n\t\t\t\t<div class=\"elementor-widget-container\">\n\t\t\t\t\t<div class=\"qodef-shortcode qodef-m  qodef-separator clear  \">\n\t<div class=\"qodef-m-line\" style=\"border-color: #02010100\"><\/div>\n<\/div>\n\t\t\t\t<\/div>\n\t\t\t\t<\/div>\n\t\t\t\t\t<\/div>\n\t\t<\/div>\n\t\t\t\t<div class=\"elementor-column elementor-col-50 elementor-top-column elementor-element elementor-element-888069f\" data-id=\"888069f\" data-element_type=\"column\" data-settings=\"{&quot;background_background&quot;:&quot;classic&quot;}\">\n\t\t\t<div class=\"elementor-widget-wrap elementor-element-populated\">\n\t\t\t\t\t\t<div class=\"elementor-element elementor-element-e5b9783 elementor-widget elementor-widget-drleigh_core_section_title\" data-id=\"e5b9783\" data-element_type=\"widget\" data-widget_type=\"drleigh_core_section_title.default\">\n\t\t\t\t<div class=\"elementor-widget-container\">\n\t\t\t\t\t<div class=\"qodef-shortcode qodef-m  qodef-section-title qodef-alignment--left qodef-title-break--disabled\">\n\t\t\t<h4 class=\"qodef-m-title\" >\n\t\tchamp\u00fa silver\t<\/h4>\n\t\t<p class=\"qodef-m-text\" >Champ\u00fa Silver para el cabello rubio, decolorado, gris y blanco.\nGracias a su formulaci\u00f3n con pigmentos fr\u00edos, neutraliza los tonos amarillos, dejando el cabello suave y brillante. Sus propiedades emolientes dejan el cabello suave y brillante. Ideal para mantener los efectos del platino, la plata o el blanco a lo largo del tiempo.<\/p>\n\t<\/div>\n\t\t\t\t<\/div>\n\t\t\t\t<\/div>\n\t\t\t\t\t<\/div>\n\t\t<\/div>\n\t\t\t\t\t<\/div>\n\t\t<\/section>\n\t\t\t\t<section class=\"elementor-section elementor-top-section elementor-element elementor-element-bbe2c41 qodef-elementor-content-grid elementor-section-boxed elementor-section-height-default elementor-section-height-default\" data-id=\"bbe2c41\" data-element_type=\"section\" data-settings=\"{&quot;background_background&quot;:&quot;classic&quot;}\">\n\t\t\t\t\t\t<div class=\"elementor-container elementor-column-gap-default\">\n\t\t\t\t\t<div class=\"elementor-column elementor-col-50 elementor-top-column elementor-element elementor-element-93e9a75\" data-id=\"93e9a75\" data-element_type=\"column\" data-settings=\"{&quot;background_background&quot;:&quot;classic&quot;}\">\n\t\t\t<div class=\"elementor-widget-wrap elementor-element-populated\">\n\t\t\t\t\t\t<div class=\"elementor-element elementor-element-7b358b3 elementor-widget elementor-widget-drleigh_core_section_title\" data-id=\"7b358b3\" data-element_type=\"widget\" data-widget_type=\"drleigh_core_section_title.default\">\n\t\t\t\t<div class=\"elementor-widget-container\">\n\t\t\t\t\t<div class=\"qodef-shortcode qodef-m  qodef-section-title qodef-alignment--left qodef-title-break--disabled\">\n\t\t\t<h4 class=\"qodef-m-title\" >\n\t\tver el v\u00eddeo\t<\/h4>\n\t\t<p class=\"qodef-m-text\" >Escuche los consejos de nuestros expertos para Silver\n\n<\/p>\n\t<\/div>\n\t\t\t\t<\/div>\n\t\t\t\t<\/div>\n\t\t\t\t\t<\/div>\n\t\t<\/div>\n\t\t\t\t<div class=\"elementor-column elementor-col-50 elementor-top-column elementor-element elementor-element-4ba5344\" data-id=\"4ba5344\" data-element_type=\"column\" data-settings=\"{&quot;background_background&quot;:&quot;classic&quot;}\">\n\t\t\t<div class=\"elementor-widget-wrap elementor-element-populated\">\n\t\t\t\t\t\t<div class=\"elementor-element elementor-element-c4ea7a2 elementor-widget elementor-widget-html\" data-id=\"c4ea7a2\" data-element_type=\"widget\" data-widget_type=\"html.default\">\n\t\t\t\t<div class=\"elementor-widget-container\">\n\t\t\t\t\t<iframe width=\"1000\" height=\"380\" src=\"https:\/\/www.youtube.com\/embed\/yEG6K-TrrWM?si=2yboWHvjwjVTLACe\" title=\"reproductor de v\u00eddeos de YouTube\" frameborder=\"0\" allow=\"accelerometer; autoplay; clipboard-write; encrypted-media; gyroscope; picture-in-picture; web-share\" allowfullscreen=\"\"><\/iframe>\t\t\t\t<\/div>\n\t\t\t\t<\/div>\n\t\t\t\t\t<\/div>\n\t\t<\/div>\n\t\t\t\t\t<\/div>\n\t\t<\/section>\n\t\t<div class=\"elementor-element elementor-element-cc591f6 e-flex e-con-boxed e-con e-parent\" data-id=\"cc591f6\" data-element_type=\"container\">\n\t\t\t\t\t<div class=\"e-con-inner\">\n\t\t\t\t<div class=\"elementor-element elementor-element-e948992 elementor-widget__width-initial elementor-widget elementor-widget-heading\" data-id=\"e948992\" data-element_type=\"widget\" data-widget_type=\"heading.default\">\n\t\t\t\t<div class=\"elementor-widget-container\">\n\t\t\t\t\t<h2 class=\"elementor-heading-title elementor-size-default\">EFECTO HIELO PROFESIONAL<\/h2>\t\t\t\t<\/div>\n\t\t\t\t<\/div>\n\t\t\t\t\t<\/div>\n\t\t\t\t<\/div>\n\t\t<div class=\"elementor-element elementor-element-0f1bdaa e-flex e-con-boxed e-con e-parent\" data-id=\"0f1bdaa\" data-element_type=\"container\">\n\t\t\t\t\t<div class=\"e-con-inner\">\n\t\t\t\t<div class=\"elementor-element elementor-element-4847720 elementor-align-center elementor-widget elementor-widget-button\" data-id=\"4847720\" data-element_type=\"widget\" data-widget_type=\"button.default\">\n\t\t\t\t<div class=\"elementor-widget-container\">\n\t\t\t\t\t\t\t\t\t<div class=\"elementor-button-wrapper\">\n\t\t\t\t\t<a class=\"elementor-button elementor-button-link elementor-size-md\" href=\"\/es\/lineas\/\">\n\t\t\t\t\t\t<span class=\"elementor-button-content-wrapper\">\n\t\t\t\t\t\t\t\t\t<span class=\"elementor-button-text\">Ir a todas las l\u00edneas<\/span>\n\t\t\t\t\t<\/span>\n\t\t\t\t\t<\/a>\n\t\t\t\t<\/div>\n\t\t\t\t\t\t\t\t<\/div>\n\t\t\t\t<\/div>\n\t\t\t\t\t<\/div>\n\t\t\t\t<\/div>\n\t\t\t\t<\/div>\n\t\t","protected":false},"excerpt":{"rendered":"<p>SILVER No yellow effect La l\u00ednea Silver confiere al cabello un efecto fr\u00edo y brillante evitando los molestos tonos amarillos. champ\u00fa silver Champ\u00fa Silver para el cabello rubio, decolorado, gris y blanco. Gracias a su formulaci\u00f3n con pigmentos fr\u00edos, neutraliza los tonos amarillos, dejando el cabello suave y brillante. Sus propiedades emolientes dejan el cabello [&hellip;]<\/p>\n","protected":false},"author":1,"featured_media":0,"parent":0,"menu_order":0,"comment_status":"closed","ping_status":"closed","template":"page-full-width.php","meta":{"footnotes":""},"class_list":["post-13076","page","type-page","status-publish","hentry"],"_links":{"self":[{"href":"https:\/\/genushair.com\/es\/wp-json\/wp\/v2\/pages\/13076","targetHints":{"allow":["GET"]}}],"collection":[{"href":"https:\/\/genushair.com\/es\/wp-json\/wp\/v2\/pages"}],"about":[{"href":"https:\/\/genushair.com\/es\/wp-json\/wp\/v2\/types\/page"}],"author":[{"embeddable":true,"href":"https:\/\/genushair.com\/es\/wp-json\/wp\/v2\/users\/1"}],"replies":[{"embeddable":true,"href":"https:\/\/genushair.com\/es\/wp-json\/wp\/v2\/comments?post=13076"}],"version-history":[{"count":13,"href":"https:\/\/genushair.com\/es\/wp-json\/wp\/v2\/pages\/13076\/revisions"}],"predecessor-version":[{"id":16826,"href":"https:\/\/genushair.com\/es\/wp-json\/wp\/v2\/pages\/13076\/revisions\/16826"}],"wp:attachment":[{"href":"https:\/\/genushair.com\/es\/wp-json\/wp\/v2\/media?parent=13076"}],"curies":[{"name":"wp","href":"https:\/\/api.w.org\/{rel}","templated":true}]}}