{"id":13713,"date":"2024-01-04T16:11:18","date_gmt":"2024-01-04T15:11:18","guid":{"rendered":"https:\/\/dev.genushair.com\/academy\/"},"modified":"2024-02-27T18:04:02","modified_gmt":"2024-02-27T17:04:02","slug":"academy","status":"publish","type":"page","link":"https:\/\/genushair.com\/es\/academy\/","title":{"rendered":"Academy"},"content":{"rendered":"\t\t<div data-elementor-type=\"wp-page\" data-elementor-id=\"13713\" class=\"elementor elementor-13713 elementor-9534\">\n\t\t\t\t\t\t<section class=\"elementor-section elementor-top-section elementor-element elementor-element-531e04e elementor-section-full_width qodef-elementor-content-grid elementor-section-height-default elementor-section-height-default\" data-id=\"531e04e\" data-element_type=\"section\">\n\t\t\t\t\t\t<div class=\"elementor-container elementor-column-gap-default\">\n\t\t\t\t\t<div class=\"elementor-column elementor-col-100 elementor-top-column elementor-element elementor-element-7f301c1\" data-id=\"7f301c1\" data-element_type=\"column\">\n\t\t\t<div class=\"elementor-widget-wrap elementor-element-populated\">\n\t\t\t\t\t\t<div class=\"elementor-element elementor-element-3d213c1 elementor-widget elementor-widget-text-editor\" data-id=\"3d213c1\" data-element_type=\"widget\" data-widget_type=\"text-editor.default\">\n\t\t\t\t<div class=\"elementor-widget-container\">\n\t\t\t\t\t\t\t\t\t<h6 style=\"text-align: center;\">Collection<\/h6>\n\t\t\t\t\t\t\t\t<\/div>\n\t\t\t\t<\/div>\n\t\t\t\t<div class=\"elementor-element elementor-element-f84fe32 elementor-widget elementor-widget-text-editor\" data-id=\"f84fe32\" data-element_type=\"widget\" data-widget_type=\"text-editor.default\">\n\t\t\t\t<div class=\"elementor-widget-container\">\n\t\t\t\t\t\t\t\t\t<p style=\"text-align: center;\">genUS Academy<\/p>\n\t\t\t\t\t\t\t\t<\/div>\n\t\t\t\t<\/div>\n\t\t\t\t<div class=\"elementor-element elementor-element-317daec elementor-widget elementor-widget-drleigh_core_section_title\" data-id=\"317daec\" data-element_type=\"widget\" data-widget_type=\"drleigh_core_section_title.default\">\n\t\t\t\t<div class=\"elementor-widget-container\">\n\t\t\t\t\t<div class=\"qodef-shortcode qodef-m  qodef-section-title qodef-alignment--center \">\n\t\t\t\t<p class=\"qodef-m-text\" style=\"margin-top: 11px;font-size: 17px\">Un programa formativo completo que ofrece aprendizajes para el perfeccionamiento t\u00e9cnico y estil\u00edstico a peluqueros de todo el mundo \n <\/p>\n\t<\/div>\n\t\t\t\t<\/div>\n\t\t\t\t<\/div>\n\t\t\t\t\t<\/div>\n\t\t<\/div>\n\t\t\t\t\t<\/div>\n\t\t<\/section>\n\t\t\t\t<section class=\"elementor-section elementor-top-section elementor-element elementor-element-9819a9f elementor-section-full_width qodef-elementor-content-grid elementor-section-height-default elementor-section-height-default\" data-id=\"9819a9f\" data-element_type=\"section\" data-settings=\"{&quot;background_background&quot;:&quot;classic&quot;}\">\n\t\t\t\t\t\t<div class=\"elementor-container elementor-column-gap-default\">\n\t\t\t\t\t<div class=\"elementor-column elementor-col-50 elementor-top-column elementor-element elementor-element-1906db7\" data-id=\"1906db7\" data-element_type=\"column\" data-settings=\"{&quot;background_background&quot;:&quot;classic&quot;}\">\n\t\t\t<div class=\"elementor-widget-wrap elementor-element-populated\">\n\t\t\t\t\t\t<div class=\"elementor-element elementor-element-56b886f elementor-widget elementor-widget-drleigh_core_separator\" data-id=\"56b886f\" data-element_type=\"widget\" data-widget_type=\"drleigh_core_separator.default\">\n\t\t\t\t<div class=\"elementor-widget-container\">\n\t\t\t\t\t<div class=\"qodef-shortcode qodef-m  qodef-separator clear  \">\n\t<div class=\"qodef-m-line\" style=\"border-color: #02010100\"><\/div>\n<\/div>\n\t\t\t\t<\/div>\n\t\t\t\t<\/div>\n\t\t\t\t\t<\/div>\n\t\t<\/div>\n\t\t\t\t<div class=\"elementor-column elementor-col-50 elementor-top-column elementor-element elementor-element-94affa5\" data-id=\"94affa5\" data-element_type=\"column\" data-settings=\"{&quot;background_background&quot;:&quot;classic&quot;}\">\n\t\t\t<div class=\"elementor-widget-wrap elementor-element-populated\">\n\t\t\t\t\t\t<div class=\"elementor-element elementor-element-a27e649 elementor-widget elementor-widget-text-editor\" data-id=\"a27e649\" data-element_type=\"widget\" data-widget_type=\"text-editor.default\">\n\t\t\t\t<div class=\"elementor-widget-container\">\n\t\t\t\t\t\t\t\t\t<h4>PELUQUEROS<\/h4><p>Un <strong>programa formativo completo<\/strong> que ofrece aprendizajes para el perfeccionamiento t\u00e9cnico y estil\u00edstico a peluqueros de todo el mundo, adem\u00e1s de una <strong>visi\u00f3n general actualizada sobre las tendencias del sector<\/strong> que contribuye al crecimiento de los profesionales que quieren alcanzar la excelencia.<\/p><p>Director y supervisor: Orlando Orlandi<\/p><p>Director de arte creativo: Pino Troncone<\/p><p>Director t\u00e9cnico: Alessio Bondi<\/p><p>Personal t\u00e9cnico y de estilismo: Francesco Giaconella, Andrea Delle Donne, Stefania Rizzi, Assunta Zuttion<\/p>\t\t\t\t\t\t\t\t<\/div>\n\t\t\t\t<\/div>\n\t\t\t\t\t<\/div>\n\t\t<\/div>\n\t\t\t\t\t<\/div>\n\t\t<\/section>\n\t\t\t\t<section class=\"elementor-section elementor-top-section elementor-element elementor-element-bbe2c41 elementor-section-full_width qodef-elementor-content-grid elementor-section-height-default elementor-section-height-default\" data-id=\"bbe2c41\" data-element_type=\"section\" data-settings=\"{&quot;background_background&quot;:&quot;classic&quot;}\">\n\t\t\t\t\t\t<div class=\"elementor-container elementor-column-gap-default\">\n\t\t\t\t\t<div class=\"elementor-column elementor-col-50 elementor-top-column elementor-element elementor-element-93e9a75\" data-id=\"93e9a75\" data-element_type=\"column\" data-settings=\"{&quot;background_background&quot;:&quot;classic&quot;}\">\n\t\t\t<div class=\"elementor-widget-wrap elementor-element-populated\">\n\t\t\t\t\t\t<div class=\"elementor-element elementor-element-c650824 elementor-widget elementor-widget-text-editor\" data-id=\"c650824\" data-element_type=\"widget\" data-widget_type=\"text-editor.default\">\n\t\t\t\t<div class=\"elementor-widget-container\">\n\t\t\t\t\t\t\t\t\t<h4>CALENDARIO DE LOS CURSOS<\/h4><div class=\"et_pb_module et_pb_text et_pb_text_5 et_pb_text_align_left et_pb_bg_layout_light\"><div class=\"et_pb_text_inner\"><p>Orlando Orlandi, director general, Pino Troncone, director de arte creativo, y Alessio Bondi, director t\u00e9cnico, coordinan el proyecto, gu\u00edan todas las formaciones realizadas en la Academia y son una <strong>clara referencia en el sector<\/strong>. Las formaciones dirigidas a los profesionales son:\u00a0<\/p><ul><li>Cutting Foundation<\/li><li>Inspirational<\/li><li>Contouring Advanced Color<\/li><li>Collection<\/li><li>Make-Up<\/li><li>Seminar PhotoShoot<\/li><li>Influencer Social Day<\/li><\/ul><\/div><\/div>\t\t\t\t\t\t\t\t<\/div>\n\t\t\t\t<\/div>\n\t\t\t\t<div class=\"elementor-element elementor-element-d63f74a elementor-align-center elementor-widget elementor-widget-button\" data-id=\"d63f74a\" data-element_type=\"widget\" data-widget_type=\"button.default\">\n\t\t\t\t<div class=\"elementor-widget-container\">\n\t\t\t\t\t\t\t\t\t<div class=\"elementor-button-wrapper\">\n\t\t\t\t\t<a class=\"elementor-button elementor-button-link elementor-size-sm\" href=\"https:\/\/genushair.com\/wp-content\/uploads\/2024\/02\/Sun-Sea-Academy_Calendario-Corsi-2024.pdf\" target=\"_blank\">\n\t\t\t\t\t\t<span class=\"elementor-button-content-wrapper\">\n\t\t\t\t\t\t\t\t\t<span class=\"elementor-button-text\"> Descargar el calendario<\/span>\n\t\t\t\t\t<\/span>\n\t\t\t\t\t<\/a>\n\t\t\t\t<\/div>\n\t\t\t\t\t\t\t\t<\/div>\n\t\t\t\t<\/div>\n\t\t\t\t\t<\/div>\n\t\t<\/div>\n\t\t\t\t<div class=\"elementor-column elementor-col-50 elementor-top-column elementor-element elementor-element-4ba5344\" data-id=\"4ba5344\" data-element_type=\"column\" data-settings=\"{&quot;background_background&quot;:&quot;classic&quot;}\">\n\t\t\t<div class=\"elementor-widget-wrap elementor-element-populated\">\n\t\t\t\t\t\t<div class=\"elementor-element elementor-element-7457050 elementor-widget elementor-widget-drleigh_core_separator\" data-id=\"7457050\" data-element_type=\"widget\" data-widget_type=\"drleigh_core_separator.default\">\n\t\t\t\t<div class=\"elementor-widget-container\">\n\t\t\t\t\t<div class=\"qodef-shortcode qodef-m  qodef-separator clear  \">\n\t<div class=\"qodef-m-line\" style=\"border-color: #02010100\"><\/div>\n<\/div>\n\t\t\t\t<\/div>\n\t\t\t\t<\/div>\n\t\t\t\t\t<\/div>\n\t\t<\/div>\n\t\t\t\t\t<\/div>\n\t\t<\/section>\n\t\t\t\t<\/div>\n\t\t","protected":false},"excerpt":{"rendered":"<p>Collection genUS Academy Un programa formativo completo que ofrece aprendizajes para el perfeccionamiento t\u00e9cnico y estil\u00edstico a peluqueros de todo el mundo PELUQUEROS Un programa formativo completo que ofrece aprendizajes para el perfeccionamiento t\u00e9cnico y estil\u00edstico a peluqueros de todo el mundo, adem\u00e1s de una visi\u00f3n general actualizada sobre las tendencias del sector que contribuye [&hellip;]<\/p>\n","protected":false},"author":1,"featured_media":0,"parent":0,"menu_order":0,"comment_status":"closed","ping_status":"closed","template":"page-full-width.php","meta":{"footnotes":""},"class_list":["post-13713","page","type-page","status-publish","hentry"],"_links":{"self":[{"href":"https:\/\/genushair.com\/es\/wp-json\/wp\/v2\/pages\/13713","targetHints":{"allow":["GET"]}}],"collection":[{"href":"https:\/\/genushair.com\/es\/wp-json\/wp\/v2\/pages"}],"about":[{"href":"https:\/\/genushair.com\/es\/wp-json\/wp\/v2\/types\/page"}],"author":[{"embeddable":true,"href":"https:\/\/genushair.com\/es\/wp-json\/wp\/v2\/users\/1"}],"replies":[{"embeddable":true,"href":"https:\/\/genushair.com\/es\/wp-json\/wp\/v2\/comments?post=13713"}],"version-history":[{"count":13,"href":"https:\/\/genushair.com\/es\/wp-json\/wp\/v2\/pages\/13713\/revisions"}],"predecessor-version":[{"id":17331,"href":"https:\/\/genushair.com\/es\/wp-json\/wp\/v2\/pages\/13713\/revisions\/17331"}],"wp:attachment":[{"href":"https:\/\/genushair.com\/es\/wp-json\/wp\/v2\/media?parent=13713"}],"curies":[{"name":"wp","href":"https:\/\/api.w.org\/{rel}","templated":true}]}}