{"id":13330,"date":"2023-12-29T09:52:20","date_gmt":"2023-12-29T08:52:20","guid":{"rendered":"https:\/\/dev.genushair.com\/balance\/"},"modified":"2024-02-21T14:30:14","modified_gmt":"2024-02-21T13:30:14","slug":"balance","status":"publish","type":"page","link":"https:\/\/genushair.com\/fr\/balance\/","title":{"rendered":"Balance"},"content":{"rendered":"\t\t<div data-elementor-type=\"wp-page\" data-elementor-id=\"13330\" class=\"elementor elementor-13330 elementor-8727\">\n\t\t\t\t\t\t<section class=\"elementor-section elementor-top-section elementor-element elementor-element-9324308 elementor-section-boxed elementor-section-height-default elementor-section-height-default\" data-id=\"9324308\" data-element_type=\"section\" data-settings=\"{&quot;background_background&quot;:&quot;classic&quot;}\">\n\t\t\t\t\t\t<div class=\"elementor-container elementor-column-gap-default\">\n\t\t\t\t\t<div class=\"elementor-column elementor-col-100 elementor-top-column elementor-element elementor-element-f91276c\" data-id=\"f91276c\" data-element_type=\"column\">\n\t\t\t<div class=\"elementor-widget-wrap elementor-element-populated\">\n\t\t\t\t\t\t<div class=\"elementor-element elementor-element-d9c92a0 elementor-widget elementor-widget-drleigh_core_separator\" data-id=\"d9c92a0\" data-element_type=\"widget\" data-widget_type=\"drleigh_core_separator.default\">\n\t\t\t\t<div class=\"elementor-widget-container\">\n\t\t\t\t\t<div class=\"qodef-shortcode qodef-m  qodef-separator clear  \">\n\t<div class=\"qodef-m-line\" style=\"border-color: #02010100\"><\/div>\n<\/div>\n\t\t\t\t<\/div>\n\t\t\t\t<\/div>\n\t\t\t\t\t<\/div>\n\t\t<\/div>\n\t\t\t\t\t<\/div>\n\t\t<\/section>\n\t\t\t\t<section class=\"elementor-section elementor-top-section elementor-element elementor-element-531e04e qodef-elementor-content-grid elementor-section-boxed elementor-section-height-default elementor-section-height-default\" data-id=\"531e04e\" data-element_type=\"section\">\n\t\t\t\t\t\t<div class=\"elementor-container elementor-column-gap-default\">\n\t\t\t\t\t<div class=\"elementor-column elementor-col-100 elementor-top-column elementor-element elementor-element-7f301c1\" data-id=\"7f301c1\" data-element_type=\"column\">\n\t\t\t<div class=\"elementor-widget-wrap elementor-element-populated\">\n\t\t\t\t\t\t<div class=\"elementor-element elementor-element-317daec elementor-widget elementor-widget-drleigh_core_section_title\" data-id=\"317daec\" data-element_type=\"widget\" data-widget_type=\"drleigh_core_section_title.default\">\n\t\t\t\t<div class=\"elementor-widget-container\">\n\t\t\t\t\t<div class=\"qodef-shortcode qodef-m  qodef-section-title qodef-alignment--center \">\n\t\t\t<h1 class=\"qodef-m-title\" >\n\t\tBALANCE\t<\/h1>\n\t\t<p class=\"qodef-m-text\" style=\"margin-top: 11px;font-size: 17px\">\n<\/p>\n\t<\/div>\n\t\t\t\t<\/div>\n\t\t\t\t<\/div>\n\t\t\t\t<div class=\"elementor-element elementor-element-dc910ab elementor-widget elementor-widget-text-editor\" data-id=\"dc910ab\" data-element_type=\"widget\" data-widget_type=\"text-editor.default\">\n\t\t\t\t<div class=\"elementor-widget-container\">\n\t\t\t\t\t\t\t\t\t<h5 style=\"text-transform: none; font-size: 24px; text-align: center; margin-bottom: 4px; margin-top: 4px;\">For greasy scalp &amp; hair<\/h5>\t\t\t\t\t\t\t\t<\/div>\n\t\t\t\t<\/div>\n\t\t\t\t<div class=\"elementor-element elementor-element-b5acf20 elementor-widget elementor-widget-text-editor\" data-id=\"b5acf20\" data-element_type=\"widget\" data-widget_type=\"text-editor.default\">\n\t\t\t\t<div class=\"elementor-widget-container\">\n\t\t\t\t\t\t\t\t\t<p style=\"text-align: center;\"><span data-sheets-value=\"{\"1\":2,\"2\":\"Shampoo riequilibrante per cute e capelli grassi. Riduce efficacemente gli eccessi di sebo dai capelli, rendendoli lucidi e vitali. \"}\" data-sheets-userformat=\"{\"2\":15299,\"3\":{\"1\":0},\"4\":{\"1\":2,\"2\":16777215},\"9\":0,\"10\":1,\"11\":4,\"12\":0,\"14\":{\"1\":2,\"2\":6710886},\"15\":\"Roboto\",\"16\":11}\">Shampooing r\u00e9\u00e9quilibrant pour cuir chevelu et cheveux gras. R\u00e9duit efficacement l\u2019exc\u00e8s de s\u00e9bum des cheveux, les rendant brillants et vitaux. <\/span><\/p>\n<p style=\"text-align: center;\"><span data-sheets-value=\"{\"1\":2,\"2\":\"Shampoo riequilibrante per cute e capelli grassi. Riduce efficacemente gli eccessi di sebo dai capelli, rendendoli lucidi e vitali. \"}\" data-sheets-userformat=\"{\"2\":15299,\"3\":{\"1\":0},\"4\":{\"1\":2,\"2\":16777215},\"9\":0,\"10\":1,\"11\":4,\"12\":0,\"14\":{\"1\":2,\"2\":6710886},\"15\":\"Roboto\",\"16\":11}\">Purifie la peau en exer\u00e7ant une action r\u00e9\u00e9quilibrante.<\/span><\/p>\n<p style=\"text-align: center;\"><strong>tensioactifs et prot\u00e9ines de bl\u00e9<\/strong><\/p>\n<p style=\"text-align: center;\">La pr\u00e9sence combin\u00e9e de prot\u00e9ines de bl\u00e9 et de tensioactifs d\u00e9licats lui permet d\u2019exercer une action dermo-\u00e9quilibrante et purifiante sur la peau, laissant les cheveux forts, l\u00e9gers et brillants.<\/p>\n\t\t\t\t\t\t\t\t<\/div>\n\t\t\t\t<\/div>\n\t\t\t\t\t<\/div>\n\t\t<\/div>\n\t\t\t\t\t<\/div>\n\t\t<\/section>\n\t\t\t\t<section class=\"elementor-section elementor-top-section elementor-element elementor-element-49b7ef4 qodef-elementor-content-grid elementor-section-boxed elementor-section-height-default elementor-section-height-default\" data-id=\"49b7ef4\" data-element_type=\"section\" data-settings=\"{&quot;background_background&quot;:&quot;classic&quot;}\">\n\t\t\t\t\t\t<div class=\"elementor-container elementor-column-gap-default\">\n\t\t\t\t\t<div class=\"elementor-column elementor-col-50 elementor-top-column elementor-element elementor-element-329c25f\" data-id=\"329c25f\" data-element_type=\"column\" data-settings=\"{&quot;background_background&quot;:&quot;classic&quot;}\">\n\t\t\t<div class=\"elementor-widget-wrap elementor-element-populated\">\n\t\t\t\t\t\t<div class=\"elementor-element elementor-element-8fd7668 elementor-widget elementor-widget-drleigh_core_separator\" data-id=\"8fd7668\" data-element_type=\"widget\" data-widget_type=\"drleigh_core_separator.default\">\n\t\t\t\t<div class=\"elementor-widget-container\">\n\t\t\t\t\t<div class=\"qodef-shortcode qodef-m  qodef-separator clear  \">\n\t<div class=\"qodef-m-line\" style=\"border-color: #02010100\"><\/div>\n<\/div>\n\t\t\t\t<\/div>\n\t\t\t\t<\/div>\n\t\t\t\t\t<\/div>\n\t\t<\/div>\n\t\t\t\t<div class=\"elementor-column elementor-col-50 elementor-top-column elementor-element elementor-element-6124c05\" data-id=\"6124c05\" data-element_type=\"column\" data-settings=\"{&quot;background_background&quot;:&quot;classic&quot;}\">\n\t\t\t<div class=\"elementor-widget-wrap elementor-element-populated\">\n\t\t\t\t\t\t<div class=\"elementor-element elementor-element-0ddb526 elementor-widget elementor-widget-drleigh_core_section_title\" data-id=\"0ddb526\" data-element_type=\"widget\" data-widget_type=\"drleigh_core_section_title.default\">\n\t\t\t\t<div class=\"elementor-widget-container\">\n\t\t\t\t\t<div class=\"qodef-shortcode qodef-m  qodef-section-title qodef-alignment--left qodef-title-break--disabled\">\n\t\t\t<h4 class=\"qodef-m-title\" >\n\t\tshampoing r\u00e9gulateur de s\u00e9bum\t<\/h4>\n\t\t<p class=\"qodef-m-text\" >Shampooing r\u00e9gulateur de s\u00e9bum pour cuir chevelu et cheveux gras.\nSa formulation \u00e9quilibr\u00e9e \u00e0 base de tensioactifs d\u00e9licats et de prot\u00e9ines de bl\u00e9 \u00e9limine efficacement les accumulations de graisse des cheveux, les rendant brillants et en pleine sant\u00e9. Purifie le cuir chevelu en exer\u00e7ant une action r\u00e9\u00e9quilibrante.<\/p>\n\t<\/div>\n\t\t\t\t<\/div>\n\t\t\t\t<\/div>\n\t\t\t\t\t<\/div>\n\t\t<\/div>\n\t\t\t\t\t<\/div>\n\t\t<\/section>\n\t\t\t\t<section class=\"elementor-section elementor-top-section elementor-element elementor-element-bbe2c41 qodef-elementor-content-grid elementor-section-boxed elementor-section-height-default elementor-section-height-default\" data-id=\"bbe2c41\" data-element_type=\"section\" data-settings=\"{&quot;background_background&quot;:&quot;classic&quot;}\">\n\t\t\t\t\t\t<div class=\"elementor-container elementor-column-gap-default\">\n\t\t\t\t\t<div class=\"elementor-column elementor-col-50 elementor-top-column elementor-element elementor-element-93e9a75\" data-id=\"93e9a75\" data-element_type=\"column\" data-settings=\"{&quot;background_background&quot;:&quot;classic&quot;}\">\n\t\t\t<div class=\"elementor-widget-wrap elementor-element-populated\">\n\t\t\t\t\t\t<div class=\"elementor-element elementor-element-7b358b3 elementor-widget elementor-widget-drleigh_core_section_title\" data-id=\"7b358b3\" data-element_type=\"widget\" data-widget_type=\"drleigh_core_section_title.default\">\n\t\t\t\t<div class=\"elementor-widget-container\">\n\t\t\t\t\t<div class=\"qodef-shortcode qodef-m  qodef-section-title qodef-alignment--left qodef-title-break--disabled\">\n\t\t\t<h4 class=\"qodef-m-title\" >\n\t\tvoir la vid\u00e9o\t<\/h4>\n\t\t<p class=\"qodef-m-text\" >\u00c9coutez les conseils de notre expert pour Balance\n\n<\/p>\n\t<\/div>\n\t\t\t\t<\/div>\n\t\t\t\t<\/div>\n\t\t\t\t\t<\/div>\n\t\t<\/div>\n\t\t\t\t<div class=\"elementor-column elementor-col-50 elementor-top-column elementor-element elementor-element-4ba5344\" data-id=\"4ba5344\" data-element_type=\"column\" data-settings=\"{&quot;background_background&quot;:&quot;classic&quot;}\">\n\t\t\t<div class=\"elementor-widget-wrap elementor-element-populated\">\n\t\t\t\t\t\t<div class=\"elementor-element elementor-element-c4ea7a2 elementor-widget elementor-widget-html\" data-id=\"c4ea7a2\" data-element_type=\"widget\" data-widget_type=\"html.default\">\n\t\t\t\t<div class=\"elementor-widget-container\">\n\t\t\t\t\t<iframe width=\"1000\" height=\"380\" src=\"https:\/\/www.youtube.com\/embed\/5tagBZ0vw1Q?si=vt6xFVeKB22hxvP0\" title=\"Lecteur vid\u00e9o YouTube\" frameborder=\"0\" allow=\"accelerometer; autoplay; clipboard-write; encrypted-media; gyroscope; picture-in-picture; web-share\" allowfullscreen=\"\"><\/iframe>\t\t\t\t<\/div>\n\t\t\t\t<\/div>\n\t\t\t\t\t<\/div>\n\t\t<\/div>\n\t\t\t\t\t<\/div>\n\t\t<\/section>\n\t\t<div class=\"elementor-element elementor-element-cc591f6 e-flex e-con-boxed e-con e-parent\" data-id=\"cc591f6\" data-element_type=\"container\">\n\t\t\t\t\t<div class=\"e-con-inner\">\n\t\t\t\t<div class=\"elementor-element elementor-element-026ea16 elementor-widget__width-initial elementor-widget elementor-widget-heading\" data-id=\"026ea16\" data-element_type=\"widget\" data-widget_type=\"heading.default\">\n\t\t\t\t<div class=\"elementor-widget-container\">\n\t\t\t\t\t<h2 class=\"elementor-heading-title elementor-size-default\">AVEC DES PROT\u00c9INES DE BL\u00c9<\/h2>\t\t\t\t<\/div>\n\t\t\t\t<\/div>\n\t\t\t\t\t<\/div>\n\t\t\t\t<\/div>\n\t\t<div class=\"elementor-element elementor-element-0f1bdaa e-flex e-con-boxed e-con e-parent\" data-id=\"0f1bdaa\" data-element_type=\"container\">\n\t\t\t\t\t<div class=\"e-con-inner\">\n\t\t\t\t<div class=\"elementor-element elementor-element-4847720 elementor-align-center elementor-widget elementor-widget-button\" data-id=\"4847720\" data-element_type=\"widget\" data-widget_type=\"button.default\">\n\t\t\t\t<div class=\"elementor-widget-container\">\n\t\t\t\t\t\t\t\t\t<div class=\"elementor-button-wrapper\">\n\t\t\t\t\t<a class=\"elementor-button elementor-button-link elementor-size-md\" href=\"\/fr\/lignes\/\">\n\t\t\t\t\t\t<span class=\"elementor-button-content-wrapper\">\n\t\t\t\t\t\t\t\t\t<span class=\"elementor-button-text\">Aller \u00e0 toutes les lignes<\/span>\n\t\t\t\t\t<\/span>\n\t\t\t\t\t<\/a>\n\t\t\t\t<\/div>\n\t\t\t\t\t\t\t\t<\/div>\n\t\t\t\t<\/div>\n\t\t\t\t\t<\/div>\n\t\t\t\t<\/div>\n\t\t\t\t<\/div>\n\t\t","protected":false},"excerpt":{"rendered":"<p>BALANCE For greasy scalp &amp; hair Shampooing r\u00e9\u00e9quilibrant pour cuir chevelu et cheveux gras. R\u00e9duit efficacement l\u2019exc\u00e8s de s\u00e9bum des cheveux, les rendant brillants et vitaux. Purifie la peau en exer\u00e7ant une action r\u00e9\u00e9quilibrante. tensioactifs et prot\u00e9ines de bl\u00e9 La pr\u00e9sence combin\u00e9e de prot\u00e9ines de bl\u00e9 et de tensioactifs d\u00e9licats lui permet d\u2019exercer une action [&hellip;]<\/p>\n","protected":false},"author":1,"featured_media":0,"parent":0,"menu_order":0,"comment_status":"closed","ping_status":"closed","template":"page-full-width.php","meta":{"footnotes":""},"class_list":["post-13330","page","type-page","status-publish","hentry"],"_links":{"self":[{"href":"https:\/\/genushair.com\/fr\/wp-json\/wp\/v2\/pages\/13330","targetHints":{"allow":["GET"]}}],"collection":[{"href":"https:\/\/genushair.com\/fr\/wp-json\/wp\/v2\/pages"}],"about":[{"href":"https:\/\/genushair.com\/fr\/wp-json\/wp\/v2\/types\/page"}],"author":[{"embeddable":true,"href":"https:\/\/genushair.com\/fr\/wp-json\/wp\/v2\/users\/1"}],"replies":[{"embeddable":true,"href":"https:\/\/genushair.com\/fr\/wp-json\/wp\/v2\/comments?post=13330"}],"version-history":[{"count":21,"href":"https:\/\/genushair.com\/fr\/wp-json\/wp\/v2\/pages\/13330\/revisions"}],"predecessor-version":[{"id":16702,"href":"https:\/\/genushair.com\/fr\/wp-json\/wp\/v2\/pages\/13330\/revisions\/16702"}],"wp:attachment":[{"href":"https:\/\/genushair.com\/fr\/wp-json\/wp\/v2\/media?parent=13330"}],"curies":[{"name":"wp","href":"https:\/\/api.w.org\/{rel}","templated":true}]}}