{"id":13708,"date":"2024-01-04T16:11:18","date_gmt":"2024-01-04T15:11:18","guid":{"rendered":"https:\/\/dev.genushair.com\/academy\/"},"modified":"2024-02-27T10:31:00","modified_gmt":"2024-02-27T09:31:00","slug":"academy","status":"publish","type":"page","link":"https:\/\/genushair.com\/fr\/academy\/","title":{"rendered":"Academy"},"content":{"rendered":"\t\t<div data-elementor-type=\"wp-page\" data-elementor-id=\"13708\" class=\"elementor elementor-13708 elementor-9534\">\n\t\t\t\t\t\t<section class=\"elementor-section elementor-top-section elementor-element elementor-element-531e04e elementor-section-full_width qodef-elementor-content-grid elementor-section-height-default elementor-section-height-default\" data-id=\"531e04e\" data-element_type=\"section\">\n\t\t\t\t\t\t<div class=\"elementor-container elementor-column-gap-default\">\n\t\t\t\t\t<div class=\"elementor-column elementor-col-100 elementor-top-column elementor-element elementor-element-7f301c1\" data-id=\"7f301c1\" data-element_type=\"column\">\n\t\t\t<div class=\"elementor-widget-wrap elementor-element-populated\">\n\t\t\t\t\t\t<div class=\"elementor-element elementor-element-3d213c1 elementor-widget elementor-widget-text-editor\" data-id=\"3d213c1\" data-element_type=\"widget\" data-widget_type=\"text-editor.default\">\n\t\t\t\t<div class=\"elementor-widget-container\">\n\t\t\t\t\t\t\t\t\t<h6 style=\"text-align: center;\">Collection<\/h6>\n\t\t\t\t\t\t\t\t<\/div>\n\t\t\t\t<\/div>\n\t\t\t\t<div class=\"elementor-element elementor-element-f84fe32 elementor-widget elementor-widget-text-editor\" data-id=\"f84fe32\" data-element_type=\"widget\" data-widget_type=\"text-editor.default\">\n\t\t\t\t<div class=\"elementor-widget-container\">\n\t\t\t\t\t\t\t\t\t<p style=\"text-align: center;\">Acad\u00e9mie genUS<\/p>\t\t\t\t\t\t\t\t<\/div>\n\t\t\t\t<\/div>\n\t\t\t\t<div class=\"elementor-element elementor-element-317daec elementor-widget elementor-widget-drleigh_core_section_title\" data-id=\"317daec\" data-element_type=\"widget\" data-widget_type=\"drleigh_core_section_title.default\">\n\t\t\t\t<div class=\"elementor-widget-container\">\n\t\t\t\t\t<div class=\"qodef-shortcode qodef-m  qodef-section-title qodef-alignment--center \">\n\t\t\t\t<p class=\"qodef-m-text\" style=\"margin-top: 11px;font-size: 17px\">Le programme de formation complet qui offre aux coiffeurs et coiffeuses du monde entier des parcours p\u00e9dagogiques techniques et stylistiques <\/p>\n\t<\/div>\n\t\t\t\t<\/div>\n\t\t\t\t<\/div>\n\t\t\t\t\t<\/div>\n\t\t<\/div>\n\t\t\t\t\t<\/div>\n\t\t<\/section>\n\t\t\t\t<section class=\"elementor-section elementor-top-section elementor-element elementor-element-9819a9f elementor-section-full_width qodef-elementor-content-grid elementor-section-height-default elementor-section-height-default\" data-id=\"9819a9f\" data-element_type=\"section\" data-settings=\"{&quot;background_background&quot;:&quot;classic&quot;}\">\n\t\t\t\t\t\t<div class=\"elementor-container elementor-column-gap-default\">\n\t\t\t\t\t<div class=\"elementor-column elementor-col-50 elementor-top-column elementor-element elementor-element-1906db7\" data-id=\"1906db7\" data-element_type=\"column\" data-settings=\"{&quot;background_background&quot;:&quot;classic&quot;}\">\n\t\t\t<div class=\"elementor-widget-wrap elementor-element-populated\">\n\t\t\t\t\t\t<div class=\"elementor-element elementor-element-56b886f elementor-widget elementor-widget-drleigh_core_separator\" data-id=\"56b886f\" data-element_type=\"widget\" data-widget_type=\"drleigh_core_separator.default\">\n\t\t\t\t<div class=\"elementor-widget-container\">\n\t\t\t\t\t<div class=\"qodef-shortcode qodef-m  qodef-separator clear  \">\n\t<div class=\"qodef-m-line\" style=\"border-color: #02010100\"><\/div>\n<\/div>\n\t\t\t\t<\/div>\n\t\t\t\t<\/div>\n\t\t\t\t\t<\/div>\n\t\t<\/div>\n\t\t\t\t<div class=\"elementor-column elementor-col-50 elementor-top-column elementor-element elementor-element-94affa5\" data-id=\"94affa5\" data-element_type=\"column\" data-settings=\"{&quot;background_background&quot;:&quot;classic&quot;}\">\n\t\t\t<div class=\"elementor-widget-wrap elementor-element-populated\">\n\t\t\t\t\t\t<div class=\"elementor-element elementor-element-a27e649 elementor-widget elementor-widget-text-editor\" data-id=\"a27e649\" data-element_type=\"widget\" data-widget_type=\"text-editor.default\">\n\t\t\t\t<div class=\"elementor-widget-container\">\n\t\t\t\t\t\t\t\t\t<h4>COIFFEURS ET COIFFEUSES<\/h4><p>Un <strong>programme de formation complet<\/strong> offre aux coiffeurs et coiffeuses du monde entier des parcours p\u00e9dagogiques techniques et stylistiques, ainsi qu&rsquo;un <strong>aper\u00e7u actualis\u00e9 des tendances de l&rsquo;industrie,<\/strong> pour contribuer de mani\u00e8re substantielle \u00e0 la croissance des professionnels qui aspirent \u00e0 l&rsquo;excellence.<\/p><p>Direction et supervision: Orlando Orlandi<\/p><p>Direction cr\u00e9ative artistique: Pino Troncone<\/p><p>Direction technique: Alessio Bondi<\/p><p>\u00c9quipes style et techniques: Francesco Giaconella, Andrea Delle Donne, Stefania Rizzi, Assunta Zuttion<\/p>\t\t\t\t\t\t\t\t<\/div>\n\t\t\t\t<\/div>\n\t\t\t\t\t<\/div>\n\t\t<\/div>\n\t\t\t\t\t<\/div>\n\t\t<\/section>\n\t\t\t\t<section class=\"elementor-section elementor-top-section elementor-element elementor-element-bbe2c41 elementor-section-full_width qodef-elementor-content-grid elementor-section-height-default elementor-section-height-default\" data-id=\"bbe2c41\" data-element_type=\"section\" data-settings=\"{&quot;background_background&quot;:&quot;classic&quot;}\">\n\t\t\t\t\t\t<div class=\"elementor-container elementor-column-gap-default\">\n\t\t\t\t\t<div class=\"elementor-column elementor-col-50 elementor-top-column elementor-element elementor-element-93e9a75\" data-id=\"93e9a75\" data-element_type=\"column\" data-settings=\"{&quot;background_background&quot;:&quot;classic&quot;}\">\n\t\t\t<div class=\"elementor-widget-wrap elementor-element-populated\">\n\t\t\t\t\t\t<div class=\"elementor-element elementor-element-c650824 elementor-widget elementor-widget-text-editor\" data-id=\"c650824\" data-element_type=\"widget\" data-widget_type=\"text-editor.default\">\n\t\t\t\t<div class=\"elementor-widget-container\">\n\t\t\t\t\t\t\t\t\t<h4>CALENDRIER DES FORMATIONS<\/h4><div class=\"et_pb_module et_pb_text et_pb_text_5 et_pb_text_align_left et_pb_bg_layout_light\"><div class=\"et_pb_text_inner\"><p>Orlando Orlandi, directeur g\u00e9n\u00e9ral, Pino Troncone, directeur cr\u00e9atif et artistique et Alessio Bondi, directeur technique, coordinateurs du projet, guident tous les parcours propos\u00e9s \u00e0 l\u2019Acad\u00e9mie, des parcours qui sont une <strong>v\u00e9ritable r\u00e9f\u00e9rence dans l\u2019industrie<\/strong>. Parcours propos\u00e9s aux professionnels :<\/p><ul><li>Fondamentaux de coupe<\/li><li>Inspiration<\/li><li>Contouring couleur avanc\u00e9<\/li><li>Collection<\/li><li>Maquillage<\/li><li>S\u00e9minaire shooting photo<\/li><li>Journ\u00e9e des influenceuses et influenceurs<\/li><\/ul><\/div><\/div>\t\t\t\t\t\t\t\t<\/div>\n\t\t\t\t<\/div>\n\t\t\t\t<div class=\"elementor-element elementor-element-d63f74a elementor-align-center elementor-widget elementor-widget-button\" data-id=\"d63f74a\" data-element_type=\"widget\" data-widget_type=\"button.default\">\n\t\t\t\t<div class=\"elementor-widget-container\">\n\t\t\t\t\t\t\t\t\t<div class=\"elementor-button-wrapper\">\n\t\t\t\t\t<a class=\"elementor-button elementor-button-link elementor-size-sm\" href=\"https:\/\/genushair.com\/wp-content\/uploads\/2024\/02\/Sun-Sea-Academy_Calendario-Corsi-2024.pdf\" target=\"_blank\">\n\t\t\t\t\t\t<span class=\"elementor-button-content-wrapper\">\n\t\t\t\t\t\t\t\t\t<span class=\"elementor-button-text\"> T\u00e9l\u00e9chargez le calendrier<\/span>\n\t\t\t\t\t<\/span>\n\t\t\t\t\t<\/a>\n\t\t\t\t<\/div>\n\t\t\t\t\t\t\t\t<\/div>\n\t\t\t\t<\/div>\n\t\t\t\t\t<\/div>\n\t\t<\/div>\n\t\t\t\t<div class=\"elementor-column elementor-col-50 elementor-top-column elementor-element elementor-element-4ba5344\" data-id=\"4ba5344\" data-element_type=\"column\" data-settings=\"{&quot;background_background&quot;:&quot;classic&quot;}\">\n\t\t\t<div class=\"elementor-widget-wrap elementor-element-populated\">\n\t\t\t\t\t\t<div class=\"elementor-element elementor-element-7457050 elementor-widget elementor-widget-drleigh_core_separator\" data-id=\"7457050\" data-element_type=\"widget\" data-widget_type=\"drleigh_core_separator.default\">\n\t\t\t\t<div class=\"elementor-widget-container\">\n\t\t\t\t\t<div class=\"qodef-shortcode qodef-m  qodef-separator clear  \">\n\t<div class=\"qodef-m-line\" style=\"border-color: #02010100\"><\/div>\n<\/div>\n\t\t\t\t<\/div>\n\t\t\t\t<\/div>\n\t\t\t\t\t<\/div>\n\t\t<\/div>\n\t\t\t\t\t<\/div>\n\t\t<\/section>\n\t\t\t\t<\/div>\n\t\t","protected":false},"excerpt":{"rendered":"<p>Collection Acad\u00e9mie genUS Le programme de formation complet qui offre aux coiffeurs et coiffeuses du monde entier des parcours p\u00e9dagogiques techniques et stylistiques COIFFEURS ET COIFFEUSES Un programme de formation complet offre aux coiffeurs et coiffeuses du monde entier des parcours p\u00e9dagogiques techniques et stylistiques, ainsi qu&rsquo;un aper\u00e7u actualis\u00e9 des tendances de l&rsquo;industrie, pour contribuer [&hellip;]<\/p>\n","protected":false},"author":1,"featured_media":0,"parent":0,"menu_order":0,"comment_status":"closed","ping_status":"closed","template":"page-full-width.php","meta":{"footnotes":""},"class_list":["post-13708","page","type-page","status-publish","hentry"],"_links":{"self":[{"href":"https:\/\/genushair.com\/fr\/wp-json\/wp\/v2\/pages\/13708","targetHints":{"allow":["GET"]}}],"collection":[{"href":"https:\/\/genushair.com\/fr\/wp-json\/wp\/v2\/pages"}],"about":[{"href":"https:\/\/genushair.com\/fr\/wp-json\/wp\/v2\/types\/page"}],"author":[{"embeddable":true,"href":"https:\/\/genushair.com\/fr\/wp-json\/wp\/v2\/users\/1"}],"replies":[{"embeddable":true,"href":"https:\/\/genushair.com\/fr\/wp-json\/wp\/v2\/comments?post=13708"}],"version-history":[{"count":13,"href":"https:\/\/genushair.com\/fr\/wp-json\/wp\/v2\/pages\/13708\/revisions"}],"predecessor-version":[{"id":17297,"href":"https:\/\/genushair.com\/fr\/wp-json\/wp\/v2\/pages\/13708\/revisions\/17297"}],"wp:attachment":[{"href":"https:\/\/genushair.com\/fr\/wp-json\/wp\/v2\/media?parent=13708"}],"curies":[{"name":"wp","href":"https:\/\/api.w.org\/{rel}","templated":true}]}}