{"id":13149,"date":"2023-12-29T11:58:21","date_gmt":"2023-12-29T10:58:21","guid":{"rendered":"https:\/\/dev.genushair.com\/argan\/"},"modified":"2024-02-22T09:58:27","modified_gmt":"2024-02-22T08:58:27","slug":"argan","status":"publish","type":"page","link":"https:\/\/genushair.com\/pl\/argan\/","title":{"rendered":"Argan"},"content":{"rendered":"\t\t<div data-elementor-type=\"wp-page\" data-elementor-id=\"13149\" class=\"elementor elementor-13149 elementor-8789\">\n\t\t\t\t\t\t<section class=\"elementor-section elementor-top-section elementor-element elementor-element-9324308 elementor-section-boxed elementor-section-height-default elementor-section-height-default\" data-id=\"9324308\" data-element_type=\"section\" data-settings=\"{&quot;background_background&quot;:&quot;classic&quot;}\">\n\t\t\t\t\t\t<div class=\"elementor-container elementor-column-gap-default\">\n\t\t\t\t\t<div class=\"elementor-column elementor-col-100 elementor-top-column elementor-element elementor-element-f91276c\" data-id=\"f91276c\" data-element_type=\"column\">\n\t\t\t<div class=\"elementor-widget-wrap elementor-element-populated\">\n\t\t\t\t\t\t<div class=\"elementor-element elementor-element-d9c92a0 elementor-widget elementor-widget-drleigh_core_separator\" data-id=\"d9c92a0\" data-element_type=\"widget\" data-widget_type=\"drleigh_core_separator.default\">\n\t\t\t\t<div class=\"elementor-widget-container\">\n\t\t\t\t\t<div class=\"qodef-shortcode qodef-m  qodef-separator clear  \">\n\t<div class=\"qodef-m-line\" style=\"border-color: #02010100\"><\/div>\n<\/div>\n\t\t\t\t<\/div>\n\t\t\t\t<\/div>\n\t\t\t\t\t<\/div>\n\t\t<\/div>\n\t\t\t\t\t<\/div>\n\t\t<\/section>\n\t\t\t\t<section class=\"elementor-section elementor-top-section elementor-element elementor-element-531e04e qodef-elementor-content-grid elementor-section-boxed elementor-section-height-default elementor-section-height-default\" data-id=\"531e04e\" data-element_type=\"section\">\n\t\t\t\t\t\t<div class=\"elementor-container elementor-column-gap-default\">\n\t\t\t\t\t<div class=\"elementor-column elementor-col-100 elementor-top-column elementor-element elementor-element-7f301c1\" data-id=\"7f301c1\" data-element_type=\"column\">\n\t\t\t<div class=\"elementor-widget-wrap elementor-element-populated\">\n\t\t\t\t\t\t<div class=\"elementor-element elementor-element-317daec elementor-widget elementor-widget-drleigh_core_section_title\" data-id=\"317daec\" data-element_type=\"widget\" data-widget_type=\"drleigh_core_section_title.default\">\n\t\t\t\t<div class=\"elementor-widget-container\">\n\t\t\t\t\t<div class=\"qodef-shortcode qodef-m  qodef-section-title qodef-alignment--center \">\n\t\t\t<h1 class=\"qodef-m-title\" >\n\t\tARGAN\t<\/h1>\n\t\t<p class=\"qodef-m-text\" style=\"margin-top: 11px;font-size: 17px\">\n<\/p>\n\t<\/div>\n\t\t\t\t<\/div>\n\t\t\t\t<\/div>\n\t\t\t\t<div class=\"elementor-element elementor-element-cd9a466 elementor-widget elementor-widget-text-editor\" data-id=\"cd9a466\" data-element_type=\"widget\" data-widget_type=\"text-editor.default\">\n\t\t\t\t<div class=\"elementor-widget-container\">\n\t\t\t\t\t\t\t\t\t<h5 style=\"text-transform: none; font-size: 24px; text-align: center; margin-bottom: 4px; margin-top: -4px;\">Silky hair like a soft touch<\/h5>\t\t\t\t\t\t\t\t<\/div>\n\t\t\t\t<\/div>\n\t\t\t\t<div class=\"elementor-element elementor-element-9c2881c elementor-widget elementor-widget-drleigh_core_section_title\" data-id=\"9c2881c\" data-element_type=\"widget\" data-widget_type=\"drleigh_core_section_title.default\">\n\t\t\t\t<div class=\"elementor-widget-container\">\n\t\t\t\t\t<div class=\"qodef-shortcode qodef-m  qodef-section-title qodef-alignment--center \">\n\t\t\t\t<p class=\"qodef-m-text\" style=\"margin-top: 11px;font-size: 17px\">Profesjonalny program w oparciu o formu\u0142\u0119 z Olejem Arganowym doskonale od\u017cywiaj\u0105cym i nawil\u017caj\u0105cym w\u0142osy  suche, kr\u0119cone i poddane obr\u00f3bce. Pe\u0142ni funkcj\u0119 przeciwutleniaj\u0105c\u0105 wprowadzaj\u0105c po\u0142ysk i mi\u0119kko\u015b\u0107.<\/p>\n\t<\/div>\n\t\t\t\t<\/div>\n\t\t\t\t<\/div>\n\t\t\t\t\t<\/div>\n\t\t<\/div>\n\t\t\t\t\t<\/div>\n\t\t<\/section>\n\t\t\t\t<section class=\"elementor-section elementor-top-section elementor-element elementor-element-d0c5381 qodef-elementor-content-grid elementor-section-boxed elementor-section-height-default elementor-section-height-default\" data-id=\"d0c5381\" data-element_type=\"section\" data-settings=\"{&quot;background_background&quot;:&quot;classic&quot;}\">\n\t\t\t\t\t\t<div class=\"elementor-container elementor-column-gap-default\">\n\t\t\t\t\t<div class=\"elementor-column elementor-col-50 elementor-top-column elementor-element elementor-element-9457e16\" data-id=\"9457e16\" data-element_type=\"column\" data-settings=\"{&quot;background_background&quot;:&quot;classic&quot;}\">\n\t\t\t<div class=\"elementor-widget-wrap elementor-element-populated\">\n\t\t\t\t\t\t<div class=\"elementor-element elementor-element-06c6428 elementor-widget elementor-widget-drleigh_core_separator\" data-id=\"06c6428\" data-element_type=\"widget\" data-widget_type=\"drleigh_core_separator.default\">\n\t\t\t\t<div class=\"elementor-widget-container\">\n\t\t\t\t\t<div class=\"qodef-shortcode qodef-m  qodef-separator clear  \">\n\t<div class=\"qodef-m-line\" style=\"border-color: #02010100\"><\/div>\n<\/div>\n\t\t\t\t<\/div>\n\t\t\t\t<\/div>\n\t\t\t\t\t<\/div>\n\t\t<\/div>\n\t\t\t\t<div class=\"elementor-column elementor-col-50 elementor-top-column elementor-element elementor-element-f20088e\" data-id=\"f20088e\" data-element_type=\"column\" data-settings=\"{&quot;background_background&quot;:&quot;classic&quot;}\">\n\t\t\t<div class=\"elementor-widget-wrap elementor-element-populated\">\n\t\t\t\t\t\t<div class=\"elementor-element elementor-element-8f09df5 elementor-widget elementor-widget-drleigh_core_section_title\" data-id=\"8f09df5\" data-element_type=\"widget\" data-widget_type=\"drleigh_core_section_title.default\">\n\t\t\t\t<div class=\"elementor-widget-container\">\n\t\t\t\t\t<div class=\"qodef-shortcode qodef-m  qodef-section-title qodef-alignment--left qodef-title-break--disabled\">\n\t\t\t<h4 class=\"qodef-m-title\" >\n\t\tszampon nawil\u017caj\u0105cy\t<\/h4>\n\t\t<p class=\"qodef-m-text\" >Szampon nawil\u017caj\u0105cy do w\u0142os\u00f3w suchych, kr\u0119conych i poddanych chemii.\nWzbogacony o olej arganowy i siemi\u0119 lniane, skutecznie od\u017cywia, zmi\u0119kcza i roz\u015bwietla, nadaj\u0105c w\u0142osom zdrowszy i od\u017cywiony wygl\u0105d. Skutecznie oczyszcza, nadaj\u0105c niezwyk\u0142y ton, mi\u0119kko\u015b\u0107 i blask.<\/p>\n\t<\/div>\n\t\t\t\t<\/div>\n\t\t\t\t<\/div>\n\t\t\t\t\t<\/div>\n\t\t<\/div>\n\t\t\t\t\t<\/div>\n\t\t<\/section>\n\t\t\t\t<section class=\"elementor-section elementor-top-section elementor-element elementor-element-7d0b8f5 qodef-elementor-content-grid elementor-section-boxed elementor-section-height-default elementor-section-height-default\" data-id=\"7d0b8f5\" data-element_type=\"section\" data-settings=\"{&quot;background_background&quot;:&quot;classic&quot;}\">\n\t\t\t\t\t\t<div class=\"elementor-container elementor-column-gap-default\">\n\t\t\t\t\t<div class=\"elementor-column elementor-col-50 elementor-top-column elementor-element elementor-element-7c73cc4\" data-id=\"7c73cc4\" data-element_type=\"column\" data-settings=\"{&quot;background_background&quot;:&quot;classic&quot;}\">\n\t\t\t<div class=\"elementor-widget-wrap elementor-element-populated\">\n\t\t\t\t\t\t<div class=\"elementor-element elementor-element-5b0b1d9 elementor-widget elementor-widget-drleigh_core_section_title\" data-id=\"5b0b1d9\" data-element_type=\"widget\" data-widget_type=\"drleigh_core_section_title.default\">\n\t\t\t\t<div class=\"elementor-widget-container\">\n\t\t\t\t\t<div class=\"qodef-shortcode qodef-m  qodef-section-title qodef-alignment--left qodef-title-break--disabled\">\n\t\t\t<h4 class=\"qodef-m-title\" >\n\t\tmaska nawil\u017caj\u0105ca\t<\/h4>\n\t\t<p class=\"qodef-m-text\" >Maska nawil\u017caj\u0105ca do w\u0142os\u00f3w suchych, kr\u0119conych i poddanych chemii.\nWzbogacona o olej arganowy i siemi\u0119 lniane, rozpl\u0105tuje i zmi\u0119kcza dzi\u0119ki doskona\u0142emu dzia\u0142aniu antyprzeci\u0105\u017ceniowemu. Intensywnie od\u017cywia i nawil\u017ca zapewniaj\u0105c mi\u0119kko\u015b\u0107 i nadzwyczajny po\u0142ysk.<\/p>\n\t<\/div>\n\t\t\t\t<\/div>\n\t\t\t\t<\/div>\n\t\t\t\t\t<\/div>\n\t\t<\/div>\n\t\t\t\t<div class=\"elementor-column elementor-col-50 elementor-top-column elementor-element elementor-element-fb4204b\" data-id=\"fb4204b\" data-element_type=\"column\" data-settings=\"{&quot;background_background&quot;:&quot;classic&quot;}\">\n\t\t\t<div class=\"elementor-widget-wrap elementor-element-populated\">\n\t\t\t\t\t\t<div class=\"elementor-element elementor-element-d60b216 elementor-widget elementor-widget-drleigh_core_separator\" data-id=\"d60b216\" data-element_type=\"widget\" data-widget_type=\"drleigh_core_separator.default\">\n\t\t\t\t<div class=\"elementor-widget-container\">\n\t\t\t\t\t<div class=\"qodef-shortcode qodef-m  qodef-separator clear  \">\n\t<div class=\"qodef-m-line\" style=\"border-color: #02010100\"><\/div>\n<\/div>\n\t\t\t\t<\/div>\n\t\t\t\t<\/div>\n\t\t\t\t\t<\/div>\n\t\t<\/div>\n\t\t\t\t\t<\/div>\n\t\t<\/section>\n\t\t\t\t<section class=\"elementor-section elementor-top-section elementor-element elementor-element-f99447b qodef-elementor-content-grid elementor-section-boxed elementor-section-height-default elementor-section-height-default\" data-id=\"f99447b\" data-element_type=\"section\" data-settings=\"{&quot;background_background&quot;:&quot;classic&quot;}\">\n\t\t\t\t\t\t<div class=\"elementor-container elementor-column-gap-default\">\n\t\t\t\t\t<div class=\"elementor-column elementor-col-50 elementor-top-column elementor-element elementor-element-4ff1d5a\" data-id=\"4ff1d5a\" data-element_type=\"column\" data-settings=\"{&quot;background_background&quot;:&quot;classic&quot;}\">\n\t\t\t<div class=\"elementor-widget-wrap elementor-element-populated\">\n\t\t\t\t\t\t<div class=\"elementor-element elementor-element-8c2e328 elementor-widget elementor-widget-drleigh_core_separator\" data-id=\"8c2e328\" data-element_type=\"widget\" data-widget_type=\"drleigh_core_separator.default\">\n\t\t\t\t<div class=\"elementor-widget-container\">\n\t\t\t\t\t<div class=\"qodef-shortcode qodef-m  qodef-separator clear  \">\n\t<div class=\"qodef-m-line\" style=\"border-color: #02010100\"><\/div>\n<\/div>\n\t\t\t\t<\/div>\n\t\t\t\t<\/div>\n\t\t\t\t\t<\/div>\n\t\t<\/div>\n\t\t\t\t<div class=\"elementor-column elementor-col-50 elementor-top-column elementor-element elementor-element-b7b6ae5\" data-id=\"b7b6ae5\" data-element_type=\"column\" data-settings=\"{&quot;background_background&quot;:&quot;classic&quot;}\">\n\t\t\t<div class=\"elementor-widget-wrap elementor-element-populated\">\n\t\t\t\t\t\t<div class=\"elementor-element elementor-element-d7ca801 elementor-widget elementor-widget-drleigh_core_section_title\" data-id=\"d7ca801\" data-element_type=\"widget\" data-widget_type=\"drleigh_core_section_title.default\">\n\t\t\t\t<div class=\"elementor-widget-container\">\n\t\t\t\t\t<div class=\"qodef-shortcode qodef-m  qodef-section-title qodef-alignment--left qodef-title-break--disabled\">\n\t\t\t<h4 class=\"qodef-m-title\" >\n\t\twielozadaniowa maska bez sp\u0142ukiwania\t<\/h4>\n\t\t<p class=\"qodef-m-text\" >Wielozadaniowa nawil\u017caj\u0105ca maska w sprayu bez sp\u0142ukiwania do w\u0142os\u00f3w suchych, kr\u0119conych i poddanych chemii.\nWzbogacona o olej arganowy i siemi\u0119 lniane, od\u017cywia, nawil\u017ca i rozpl\u0105tuje bez obci\u0105\u017cania. Wzmacnia i chroni farbowany kolor nadaj\u0105c w\u0142osom g\u0142adko\u015bci, jedwabisto\u015bci i blasku. Idealna jako korektor porowato\u015bci.<\/p>\n\t<\/div>\n\t\t\t\t<\/div>\n\t\t\t\t<\/div>\n\t\t\t\t\t<\/div>\n\t\t<\/div>\n\t\t\t\t\t<\/div>\n\t\t<\/section>\n\t\t\t\t<section class=\"elementor-section elementor-top-section elementor-element elementor-element-cad5c18 qodef-elementor-content-grid elementor-section-boxed elementor-section-height-default elementor-section-height-default\" data-id=\"cad5c18\" data-element_type=\"section\" data-settings=\"{&quot;background_background&quot;:&quot;classic&quot;}\">\n\t\t\t\t\t\t<div class=\"elementor-container elementor-column-gap-default\">\n\t\t\t\t\t<div class=\"elementor-column elementor-col-50 elementor-top-column elementor-element elementor-element-f6a8a61\" data-id=\"f6a8a61\" data-element_type=\"column\" data-settings=\"{&quot;background_background&quot;:&quot;classic&quot;}\">\n\t\t\t<div class=\"elementor-widget-wrap elementor-element-populated\">\n\t\t\t\t\t\t<div class=\"elementor-element elementor-element-a53c956 elementor-widget elementor-widget-drleigh_core_section_title\" data-id=\"a53c956\" data-element_type=\"widget\" data-widget_type=\"drleigh_core_section_title.default\">\n\t\t\t\t<div class=\"elementor-widget-container\">\n\t\t\t\t\t<div class=\"qodef-shortcode qodef-m  qodef-section-title qodef-alignment--left qodef-title-break--disabled\">\n\t\t\t<h4 class=\"qodef-m-title\" >\n\t\tserum nawil\u017caj\u0105ce\t<\/h4>\n\t\t<p class=\"qodef-m-text\" >Serum nawil\u017caj\u0105ce do w\u0142os\u00f3w suchych, kr\u0119conych i poddanych chemii.\nWzbogacone o olej arganowy i siemi\u0119 lniane, od\u017cywia i nawil\u017ca na ca\u0142ej d\u0142ugo\u015bci i ko\u0144c\u00f3wki, nadaj\u0105c wyj\u0105tkowy po\u0142ysk, mi\u0119kko\u015b\u0107 i jedwabisto\u015b\u0107. Usuwa efekt skr\u0119cenia i rozdwojonych ko\u0144c\u00f3wek, nadaj\u0105c w\u0142osom delikatno\u015bci, lekko\u015bci i \u015bwietlisto\u015b\u0107i.<\/p>\n\t<\/div>\n\t\t\t\t<\/div>\n\t\t\t\t<\/div>\n\t\t\t\t\t<\/div>\n\t\t<\/div>\n\t\t\t\t<div class=\"elementor-column elementor-col-50 elementor-top-column elementor-element elementor-element-9f27a80\" data-id=\"9f27a80\" data-element_type=\"column\" data-settings=\"{&quot;background_background&quot;:&quot;classic&quot;}\">\n\t\t\t<div class=\"elementor-widget-wrap elementor-element-populated\">\n\t\t\t\t\t\t<div class=\"elementor-element elementor-element-99d32f4 elementor-widget elementor-widget-drleigh_core_separator\" data-id=\"99d32f4\" data-element_type=\"widget\" data-widget_type=\"drleigh_core_separator.default\">\n\t\t\t\t<div class=\"elementor-widget-container\">\n\t\t\t\t\t<div class=\"qodef-shortcode qodef-m  qodef-separator clear  \">\n\t<div class=\"qodef-m-line\" style=\"border-color: #02010100\"><\/div>\n<\/div>\n\t\t\t\t<\/div>\n\t\t\t\t<\/div>\n\t\t\t\t\t<\/div>\n\t\t<\/div>\n\t\t\t\t\t<\/div>\n\t\t<\/section>\n\t\t\t\t<section class=\"elementor-section elementor-top-section elementor-element elementor-element-bbe2c41 qodef-elementor-content-grid elementor-section-boxed elementor-section-height-default elementor-section-height-default\" data-id=\"bbe2c41\" data-element_type=\"section\" data-settings=\"{&quot;background_background&quot;:&quot;classic&quot;}\">\n\t\t\t\t\t\t<div class=\"elementor-container elementor-column-gap-default\">\n\t\t\t\t\t<div class=\"elementor-column elementor-col-50 elementor-top-column elementor-element elementor-element-4ba5344\" data-id=\"4ba5344\" data-element_type=\"column\" data-settings=\"{&quot;background_background&quot;:&quot;classic&quot;}\">\n\t\t\t<div class=\"elementor-widget-wrap elementor-element-populated\">\n\t\t\t\t\t\t<div class=\"elementor-element elementor-element-c4ea7a2 elementor-widget elementor-widget-html\" data-id=\"c4ea7a2\" data-element_type=\"widget\" data-widget_type=\"html.default\">\n\t\t\t\t<div class=\"elementor-widget-container\">\n\t\t\t\t\t<iframe width=\"1000\" height=\"380\" src=\"https:\/\/www.youtube.com\/embed\/SfB_hPrl-Ns?si=y-xbUYR9czqqpUGG\" title=\"Odtwarzacz wideo YouTube\" frameborder=\"0\" allow=\"accelerometer; autoplay; clipboard-write; encrypted-media; gyroscope; picture-in-picture; web-share\" allowfullscreen=\"\"><\/iframe>\t\t\t\t<\/div>\n\t\t\t\t<\/div>\n\t\t\t\t\t<\/div>\n\t\t<\/div>\n\t\t\t\t<div class=\"elementor-column elementor-col-50 elementor-top-column elementor-element elementor-element-93e9a75\" data-id=\"93e9a75\" data-element_type=\"column\" data-settings=\"{&quot;background_background&quot;:&quot;classic&quot;}\">\n\t\t\t<div class=\"elementor-widget-wrap elementor-element-populated\">\n\t\t\t\t\t\t<div class=\"elementor-element elementor-element-7b358b3 elementor-widget elementor-widget-drleigh_core_section_title\" data-id=\"7b358b3\" data-element_type=\"widget\" data-widget_type=\"drleigh_core_section_title.default\">\n\t\t\t\t<div class=\"elementor-widget-container\">\n\t\t\t\t\t<div class=\"qodef-shortcode qodef-m  qodef-section-title qodef-alignment--left qodef-title-break--disabled\">\n\t\t\t<h4 class=\"qodef-m-title\" >\n\t\tObejrzyj wideo\t<\/h4>\n\t\t<p class=\"qodef-m-text\" >Pos\u0142uchaj rad naszego eksperta dla Argan\n<\/p>\n\t<\/div>\n\t\t\t\t<\/div>\n\t\t\t\t<\/div>\n\t\t\t\t\t<\/div>\n\t\t<\/div>\n\t\t\t\t\t<\/div>\n\t\t<\/section>\n\t\t<div class=\"elementor-element elementor-element-cc591f6 e-flex e-con-boxed e-con e-parent\" data-id=\"cc591f6\" data-element_type=\"container\">\n\t\t\t\t\t<div class=\"e-con-inner\">\n\t\t\t\t<div class=\"elementor-element elementor-element-33de7ed elementor-widget__width-initial elementor-widget elementor-widget-heading\" data-id=\"33de7ed\" data-element_type=\"widget\" data-widget_type=\"heading.default\">\n\t\t\t\t<div class=\"elementor-widget-container\">\n\t\t\t\t\t<h2 class=\"elementor-heading-title elementor-size-default\">Z OLEJEM ARGANOWYM<\/h2>\t\t\t\t<\/div>\n\t\t\t\t<\/div>\n\t\t\t\t\t<\/div>\n\t\t\t\t<\/div>\n\t\t<div class=\"elementor-element elementor-element-0f1bdaa e-flex e-con-boxed e-con e-parent\" data-id=\"0f1bdaa\" data-element_type=\"container\">\n\t\t\t\t\t<div class=\"e-con-inner\">\n\t\t\t\t<div class=\"elementor-element elementor-element-4847720 elementor-align-center elementor-widget elementor-widget-button\" data-id=\"4847720\" data-element_type=\"widget\" data-widget_type=\"button.default\">\n\t\t\t\t<div class=\"elementor-widget-container\">\n\t\t\t\t\t\t\t\t\t<div class=\"elementor-button-wrapper\">\n\t\t\t\t\t<a class=\"elementor-button elementor-button-link elementor-size-md\" href=\"\/pl\/linie\/\">\n\t\t\t\t\t\t<span class=\"elementor-button-content-wrapper\">\n\t\t\t\t\t\t\t\t\t<span class=\"elementor-button-text\">Przejd\u017a do wszystkich linii<\/span>\n\t\t\t\t\t<\/span>\n\t\t\t\t\t<\/a>\n\t\t\t\t<\/div>\n\t\t\t\t\t\t\t\t<\/div>\n\t\t\t\t<\/div>\n\t\t\t\t\t<\/div>\n\t\t\t\t<\/div>\n\t\t\t\t<\/div>\n\t\t","protected":false},"excerpt":{"rendered":"<p>ARGAN Silky hair like a soft touch Profesjonalny program w oparciu o formu\u0142\u0119 z Olejem Arganowym doskonale od\u017cywiaj\u0105cym i nawil\u017caj\u0105cym w\u0142osy suche, kr\u0119cone i poddane obr\u00f3bce. Pe\u0142ni funkcj\u0119 przeciwutleniaj\u0105c\u0105 wprowadzaj\u0105c po\u0142ysk i mi\u0119kko\u015b\u0107. szampon nawil\u017caj\u0105cy Szampon nawil\u017caj\u0105cy do w\u0142os\u00f3w suchych, kr\u0119conych i poddanych chemii. Wzbogacony o olej arganowy i siemi\u0119 lniane, skutecznie od\u017cywia, zmi\u0119kcza i [&hellip;]<\/p>\n","protected":false},"author":1,"featured_media":0,"parent":0,"menu_order":0,"comment_status":"closed","ping_status":"closed","template":"page-full-width.php","meta":{"footnotes":""},"class_list":["post-13149","page","type-page","status-publish","hentry"],"_links":{"self":[{"href":"https:\/\/genushair.com\/pl\/wp-json\/wp\/v2\/pages\/13149","targetHints":{"allow":["GET"]}}],"collection":[{"href":"https:\/\/genushair.com\/pl\/wp-json\/wp\/v2\/pages"}],"about":[{"href":"https:\/\/genushair.com\/pl\/wp-json\/wp\/v2\/types\/page"}],"author":[{"embeddable":true,"href":"https:\/\/genushair.com\/pl\/wp-json\/wp\/v2\/users\/1"}],"replies":[{"embeddable":true,"href":"https:\/\/genushair.com\/pl\/wp-json\/wp\/v2\/comments?post=13149"}],"version-history":[{"count":19,"href":"https:\/\/genushair.com\/pl\/wp-json\/wp\/v2\/pages\/13149\/revisions"}],"predecessor-version":[{"id":16839,"href":"https:\/\/genushair.com\/pl\/wp-json\/wp\/v2\/pages\/13149\/revisions\/16839"}],"wp:attachment":[{"href":"https:\/\/genushair.com\/pl\/wp-json\/wp\/v2\/media?parent=13149"}],"curies":[{"name":"wp","href":"https:\/\/api.w.org\/{rel}","templated":true}]}}