{"id":13176,"date":"2023-12-29T09:33:46","date_gmt":"2023-12-29T08:33:46","guid":{"rendered":"https:\/\/dev.genushair.com\/garlic\/"},"modified":"2024-02-22T10:33:55","modified_gmt":"2024-02-22T09:33:55","slug":"garlic","status":"publish","type":"page","link":"https:\/\/genushair.com\/pl\/garlic\/","title":{"rendered":"Garlic"},"content":{"rendered":"\t\t<div data-elementor-type=\"wp-page\" data-elementor-id=\"13176\" class=\"elementor elementor-13176 elementor-8706\">\n\t\t\t\t\t\t<section class=\"elementor-section elementor-top-section elementor-element elementor-element-9324308 elementor-section-boxed elementor-section-height-default elementor-section-height-default\" data-id=\"9324308\" data-element_type=\"section\" data-settings=\"{&quot;background_background&quot;:&quot;classic&quot;}\">\n\t\t\t\t\t\t<div class=\"elementor-container elementor-column-gap-default\">\n\t\t\t\t\t<div class=\"elementor-column elementor-col-100 elementor-top-column elementor-element elementor-element-f91276c\" data-id=\"f91276c\" data-element_type=\"column\">\n\t\t\t<div class=\"elementor-widget-wrap elementor-element-populated\">\n\t\t\t\t\t\t<div class=\"elementor-element elementor-element-d9c92a0 elementor-widget elementor-widget-drleigh_core_separator\" data-id=\"d9c92a0\" data-element_type=\"widget\" data-widget_type=\"drleigh_core_separator.default\">\n\t\t\t\t<div class=\"elementor-widget-container\">\n\t\t\t\t\t<div class=\"qodef-shortcode qodef-m  qodef-separator clear  \">\n\t<div class=\"qodef-m-line\" style=\"border-color: #02010100\"><\/div>\n<\/div>\n\t\t\t\t<\/div>\n\t\t\t\t<\/div>\n\t\t\t\t\t<\/div>\n\t\t<\/div>\n\t\t\t\t\t<\/div>\n\t\t<\/section>\n\t\t\t\t<section class=\"elementor-section elementor-top-section elementor-element elementor-element-531e04e qodef-elementor-content-grid elementor-section-boxed elementor-section-height-default elementor-section-height-default\" data-id=\"531e04e\" data-element_type=\"section\">\n\t\t\t\t\t\t<div class=\"elementor-container elementor-column-gap-default\">\n\t\t\t\t\t<div class=\"elementor-column elementor-col-100 elementor-top-column elementor-element elementor-element-7f301c1\" data-id=\"7f301c1\" data-element_type=\"column\">\n\t\t\t<div class=\"elementor-widget-wrap elementor-element-populated\">\n\t\t\t\t\t\t<div class=\"elementor-element elementor-element-317daec elementor-widget elementor-widget-drleigh_core_section_title\" data-id=\"317daec\" data-element_type=\"widget\" data-widget_type=\"drleigh_core_section_title.default\">\n\t\t\t\t<div class=\"elementor-widget-container\">\n\t\t\t\t\t<div class=\"qodef-shortcode qodef-m  qodef-section-title qodef-alignment--center \">\n\t\t\t<h1 class=\"qodef-m-title\" >\n\t\tGARLIC\t<\/h1>\n\t\t<p class=\"qodef-m-text\" style=\"margin-top: 11px;font-size: 17px\">\n<\/p>\n\t<\/div>\n\t\t\t\t<\/div>\n\t\t\t\t<\/div>\n\t\t\t\t<div class=\"elementor-element elementor-element-6fbb36c elementor-widget elementor-widget-text-editor\" data-id=\"6fbb36c\" data-element_type=\"widget\" data-widget_type=\"text-editor.default\">\n\t\t\t\t<div class=\"elementor-widget-container\">\n\t\t\t\t\t\t\t\t\t<h5 style=\"text-transform: none; font-size: 24px; text-align: center; margin-bottom: 4px; margin-top: 4px;\">For chemically treated hair<\/h5>\t\t\t\t\t\t\t\t<\/div>\n\t\t\t\t<\/div>\n\t\t\t\t<div class=\"elementor-element elementor-element-9bf21a9 elementor-widget elementor-widget-text-editor\" data-id=\"9bf21a9\" data-element_type=\"widget\" data-widget_type=\"text-editor.default\">\n\t\t\t\t<div class=\"elementor-widget-container\">\n\t\t\t\t\t\t\t\t\t<p style=\"text-align: center;\"><span data-sheets-value=\"{\"1\":2,\"2\":\"Shampoo e maschera rivitalizzanti per capelli sfibrati e trattati chimicamente. Arricchiti con Estratto d\u2019Aglio e Proteine del Grano rigenerano il capello, idratando e migliorando la salute generale dle cuoio capelluto e dei capelli. Rinforza e dona volume, rendendo i capelli morbidi e brillanti. L'Esratto di Radice di Rafano ha inoltre un'azione purificante.\"}\" data-sheets-userformat=\"{\"2\":15299,\"3\":{\"1\":0},\"4\":{\"1\":2,\"2\":16777215},\"9\":0,\"10\":1,\"11\":4,\"12\":0,\"14\":{\"1\":2,\"2\":6710886},\"15\":\"Roboto\",\"16\":11}\">Rewitalizuj\u0105cy szampon i maska do w\u0142os\u00f3w \u0142amliwych i poddawanych zabiegom chemicznym. Wzbogacone o ekstrakt z czosnku i proteiny pszenicy regeneruj\u0105 w\u0142osy, nawil\u017caj\u0105c je i poprawiaj\u0105c og\u00f3lny stan zdrowia sk\u00f3ry g\u0142owy i w\u0142os\u00f3w. Wzmacnia i nadaje obj\u0119to\u015b\u0107, sprawia, \u017ce w\u0142osy s\u0105 mi\u0119kkie i b\u0142yszcz\u0105ce. Ekstrakt z korzenia chrzanu ma r\u00f3wnie\u017c dzia\u0142anie oczyszczaj\u0105ce.<\/span><\/p>\n<p style=\"text-align: center;\"><strong>ekstrakt z czosnku<\/strong><\/p>\n<p style=\"text-align: center;\">Pomaga stymulowa\u0107 kr\u0105\u017cenie krwi, sprzyjaj\u0105c naturalnemu wzrostowi w\u0142os\u00f3w. Zapobiega \u0142amaniu si\u0119 i sprawia, \u017ce w\u0142osy s\u0105 mocne, l\u015bni\u0105ce i zdrowe.<\/p>\n\t\t\t\t\t\t\t\t<\/div>\n\t\t\t\t<\/div>\n\t\t\t\t\t<\/div>\n\t\t<\/div>\n\t\t\t\t\t<\/div>\n\t\t<\/section>\n\t\t\t\t<section class=\"elementor-section elementor-top-section elementor-element elementor-element-7d0b8f5 qodef-elementor-content-grid elementor-section-boxed elementor-section-height-default elementor-section-height-default\" data-id=\"7d0b8f5\" data-element_type=\"section\" data-settings=\"{&quot;background_background&quot;:&quot;classic&quot;}\">\n\t\t\t\t\t\t<div class=\"elementor-container elementor-column-gap-default\">\n\t\t\t\t\t<div class=\"elementor-column elementor-col-50 elementor-top-column elementor-element elementor-element-fb4204b\" data-id=\"fb4204b\" data-element_type=\"column\" data-settings=\"{&quot;background_background&quot;:&quot;classic&quot;}\">\n\t\t\t<div class=\"elementor-widget-wrap elementor-element-populated\">\n\t\t\t\t\t\t<div class=\"elementor-element elementor-element-d60b216 elementor-widget elementor-widget-drleigh_core_separator\" data-id=\"d60b216\" data-element_type=\"widget\" data-widget_type=\"drleigh_core_separator.default\">\n\t\t\t\t<div class=\"elementor-widget-container\">\n\t\t\t\t\t<div class=\"qodef-shortcode qodef-m  qodef-separator clear  \">\n\t<div class=\"qodef-m-line\" style=\"border-color: #02010100\"><\/div>\n<\/div>\n\t\t\t\t<\/div>\n\t\t\t\t<\/div>\n\t\t\t\t\t<\/div>\n\t\t<\/div>\n\t\t\t\t<div class=\"elementor-column elementor-col-50 elementor-top-column elementor-element elementor-element-7c73cc4\" data-id=\"7c73cc4\" data-element_type=\"column\" data-settings=\"{&quot;background_background&quot;:&quot;classic&quot;}\">\n\t\t\t<div class=\"elementor-widget-wrap elementor-element-populated\">\n\t\t\t\t\t\t<div class=\"elementor-element elementor-element-5b0b1d9 elementor-widget elementor-widget-drleigh_core_section_title\" data-id=\"5b0b1d9\" data-element_type=\"widget\" data-widget_type=\"drleigh_core_section_title.default\">\n\t\t\t\t<div class=\"elementor-widget-container\">\n\t\t\t\t\t<div class=\"qodef-shortcode qodef-m  qodef-section-title qodef-alignment--left qodef-title-break--disabled\">\n\t\t\t<h4 class=\"qodef-m-title\" >\n\t\tszampon rewitalizuj\u0105cy\t<\/h4>\n\t\t<p class=\"qodef-m-text\" >Szampon regeneruj\u0105cy do w\u0142os\u00f3w poddawanych obr\u00f3bce chemicznej.\nWzbogacony Ekstraktem z Czosnku i Bia\u0142kiem Pszenicy, regeneruje w\u0142osy zestresowane zabiegami chemicznymi, nawil\u017caj\u0105c i poprawiaj\u0105c og\u00f3lny stan sk\u00f3ry g\u0142owy i w\u0142os\u00f3w. Wzmacnia i nadaje obj\u0119to\u015bci, sprawiaj\u0105c, \u017ce w\u0142osy staj\u0105 si\u0119 mi\u0119kkie i l\u015bni\u0105ce. Ekstrakt z Korzenia Chrzanu ma tak\u017ce dzia\u0142anie oczyszczaj\u0105ce.<\/p>\n\t<\/div>\n\t\t\t\t<\/div>\n\t\t\t\t<\/div>\n\t\t\t\t\t<\/div>\n\t\t<\/div>\n\t\t\t\t\t<\/div>\n\t\t<\/section>\n\t\t\t\t<section class=\"elementor-section elementor-top-section elementor-element elementor-element-f99447b qodef-elementor-content-grid elementor-section-boxed elementor-section-height-default elementor-section-height-default\" data-id=\"f99447b\" data-element_type=\"section\" data-settings=\"{&quot;background_background&quot;:&quot;classic&quot;}\">\n\t\t\t\t\t\t<div class=\"elementor-container elementor-column-gap-default\">\n\t\t\t\t\t<div class=\"elementor-column elementor-col-50 elementor-top-column elementor-element elementor-element-b7b6ae5\" data-id=\"b7b6ae5\" data-element_type=\"column\" data-settings=\"{&quot;background_background&quot;:&quot;classic&quot;}\">\n\t\t\t<div class=\"elementor-widget-wrap elementor-element-populated\">\n\t\t\t\t\t\t<div class=\"elementor-element elementor-element-d7ca801 elementor-widget elementor-widget-drleigh_core_section_title\" data-id=\"d7ca801\" data-element_type=\"widget\" data-widget_type=\"drleigh_core_section_title.default\">\n\t\t\t\t<div class=\"elementor-widget-container\">\n\t\t\t\t\t<div class=\"qodef-shortcode qodef-m  qodef-section-title qodef-alignment--left qodef-title-break--disabled\">\n\t\t\t<h4 class=\"qodef-m-title\" >\n\t\tmaska rewitalizuj\u0105ca\t<\/h4>\n\t\t<p class=\"qodef-m-text\" >Maska regeneruj\u0105ca do w\u0142os\u00f3w poddawanych obr\u00f3bce chemicznej.\nWzbogacona Ekstraktem z Czosnku i Ekstraktem z Bambusa, odbudowuje, nawil\u017ca i wzmacnia w\u0142osy. Daje obj\u0119to\u015bci, a w\u0142osy s\u0105 jedwabiste i \u0142atwe do rozczesywania.<\/p>\n\t<\/div>\n\t\t\t\t<\/div>\n\t\t\t\t<\/div>\n\t\t\t\t\t<\/div>\n\t\t<\/div>\n\t\t\t\t<div class=\"elementor-column elementor-col-50 elementor-top-column elementor-element elementor-element-4ff1d5a\" data-id=\"4ff1d5a\" data-element_type=\"column\" data-settings=\"{&quot;background_background&quot;:&quot;classic&quot;}\">\n\t\t\t<div class=\"elementor-widget-wrap elementor-element-populated\">\n\t\t\t\t\t\t<div class=\"elementor-element elementor-element-8c2e328 elementor-widget elementor-widget-drleigh_core_separator\" data-id=\"8c2e328\" data-element_type=\"widget\" data-widget_type=\"drleigh_core_separator.default\">\n\t\t\t\t<div class=\"elementor-widget-container\">\n\t\t\t\t\t<div class=\"qodef-shortcode qodef-m  qodef-separator clear  \">\n\t<div class=\"qodef-m-line\" style=\"border-color: #02010100\"><\/div>\n<\/div>\n\t\t\t\t<\/div>\n\t\t\t\t<\/div>\n\t\t\t\t\t<\/div>\n\t\t<\/div>\n\t\t\t\t\t<\/div>\n\t\t<\/section>\n\t\t\t\t<section class=\"elementor-section elementor-top-section elementor-element elementor-element-bbe2c41 qodef-elementor-content-grid elementor-section-boxed elementor-section-height-default elementor-section-height-default\" data-id=\"bbe2c41\" data-element_type=\"section\" data-settings=\"{&quot;background_background&quot;:&quot;classic&quot;}\">\n\t\t\t\t\t\t<div class=\"elementor-container elementor-column-gap-default\">\n\t\t\t\t\t<div class=\"elementor-column elementor-col-50 elementor-top-column elementor-element elementor-element-4ba5344\" data-id=\"4ba5344\" data-element_type=\"column\" data-settings=\"{&quot;background_background&quot;:&quot;classic&quot;}\">\n\t\t\t<div class=\"elementor-widget-wrap elementor-element-populated\">\n\t\t\t\t\t\t<div class=\"elementor-element elementor-element-c4ea7a2 elementor-widget elementor-widget-html\" data-id=\"c4ea7a2\" data-element_type=\"widget\" data-widget_type=\"html.default\">\n\t\t\t\t<div class=\"elementor-widget-container\">\n\t\t\t\t\t<iframe width=\"1000\" height=\"380\" src=\"https:\/\/www.youtube.com\/embed\/lAtxasoVm90?si=fy6l5v4SbUxoxRAT\" title=\"Odtwarzacz wideo YouTube\" frameborder=\"0\" allow=\"accelerometer; autoplay; clipboard-write; encrypted-media; gyroscope; picture-in-picture; web-share\" allowfullscreen=\"\"><\/iframe>\t\t\t\t<\/div>\n\t\t\t\t<\/div>\n\t\t\t\t\t<\/div>\n\t\t<\/div>\n\t\t\t\t<div class=\"elementor-column elementor-col-50 elementor-top-column elementor-element elementor-element-93e9a75\" data-id=\"93e9a75\" data-element_type=\"column\" data-settings=\"{&quot;background_background&quot;:&quot;classic&quot;}\">\n\t\t\t<div class=\"elementor-widget-wrap elementor-element-populated\">\n\t\t\t\t\t\t<div class=\"elementor-element elementor-element-7b358b3 elementor-widget elementor-widget-drleigh_core_section_title\" data-id=\"7b358b3\" data-element_type=\"widget\" data-widget_type=\"drleigh_core_section_title.default\">\n\t\t\t\t<div class=\"elementor-widget-container\">\n\t\t\t\t\t<div class=\"qodef-shortcode qodef-m  qodef-section-title qodef-alignment--left qodef-title-break--disabled\">\n\t\t\t<h4 class=\"qodef-m-title\" >\n\t\tObejrzyj wideo\t<\/h4>\n\t\t<p class=\"qodef-m-text\" >Pos\u0142uchaj rad naszego eksperta dla Garlic\n\n<\/p>\n\t<\/div>\n\t\t\t\t<\/div>\n\t\t\t\t<\/div>\n\t\t\t\t\t<\/div>\n\t\t<\/div>\n\t\t\t\t\t<\/div>\n\t\t<\/section>\n\t\t<div class=\"elementor-element elementor-element-cc591f6 e-flex e-con-boxed e-con e-parent\" data-id=\"cc591f6\" data-element_type=\"container\">\n\t\t\t\t\t<div class=\"e-con-inner\">\n\t\t\t\t<div class=\"elementor-element elementor-element-93a0a57 elementor-widget__width-initial elementor-widget elementor-widget-heading\" data-id=\"93a0a57\" data-element_type=\"widget\" data-widget_type=\"heading.default\">\n\t\t\t\t<div class=\"elementor-widget-container\">\n\t\t\t\t\t<h2 class=\"elementor-heading-title elementor-size-default\">Z WYCI\u0104GIEM Z CZOSNKU<\/h2>\t\t\t\t<\/div>\n\t\t\t\t<\/div>\n\t\t\t\t\t<\/div>\n\t\t\t\t<\/div>\n\t\t<div class=\"elementor-element elementor-element-0f1bdaa e-flex e-con-boxed e-con e-parent\" data-id=\"0f1bdaa\" data-element_type=\"container\">\n\t\t\t\t\t<div class=\"e-con-inner\">\n\t\t\t\t<div class=\"elementor-element elementor-element-4847720 elementor-align-center elementor-widget elementor-widget-button\" data-id=\"4847720\" data-element_type=\"widget\" data-widget_type=\"button.default\">\n\t\t\t\t<div class=\"elementor-widget-container\">\n\t\t\t\t\t\t\t\t\t<div class=\"elementor-button-wrapper\">\n\t\t\t\t\t<a class=\"elementor-button elementor-button-link elementor-size-md\" href=\"\/pl\/linie\/\">\n\t\t\t\t\t\t<span class=\"elementor-button-content-wrapper\">\n\t\t\t\t\t\t\t\t\t<span class=\"elementor-button-text\">Przejd\u017a do wszystkich linii<\/span>\n\t\t\t\t\t<\/span>\n\t\t\t\t\t<\/a>\n\t\t\t\t<\/div>\n\t\t\t\t\t\t\t\t<\/div>\n\t\t\t\t<\/div>\n\t\t\t\t\t<\/div>\n\t\t\t\t<\/div>\n\t\t\t\t<\/div>\n\t\t","protected":false},"excerpt":{"rendered":"<p>GARLIC For chemically treated hair Rewitalizuj\u0105cy szampon i maska do w\u0142os\u00f3w \u0142amliwych i poddawanych zabiegom chemicznym. Wzbogacone o ekstrakt z czosnku i proteiny pszenicy regeneruj\u0105 w\u0142osy, nawil\u017caj\u0105c je i poprawiaj\u0105c og\u00f3lny stan zdrowia sk\u00f3ry g\u0142owy i w\u0142os\u00f3w. Wzmacnia i nadaje obj\u0119to\u015b\u0107, sprawia, \u017ce w\u0142osy s\u0105 mi\u0119kkie i b\u0142yszcz\u0105ce. Ekstrakt z korzenia chrzanu ma r\u00f3wnie\u017c dzia\u0142anie [&hellip;]<\/p>\n","protected":false},"author":1,"featured_media":0,"parent":0,"menu_order":0,"comment_status":"closed","ping_status":"closed","template":"page-full-width.php","meta":{"footnotes":""},"class_list":["post-13176","page","type-page","status-publish","hentry"],"_links":{"self":[{"href":"https:\/\/genushair.com\/pl\/wp-json\/wp\/v2\/pages\/13176","targetHints":{"allow":["GET"]}}],"collection":[{"href":"https:\/\/genushair.com\/pl\/wp-json\/wp\/v2\/pages"}],"about":[{"href":"https:\/\/genushair.com\/pl\/wp-json\/wp\/v2\/types\/page"}],"author":[{"embeddable":true,"href":"https:\/\/genushair.com\/pl\/wp-json\/wp\/v2\/users\/1"}],"replies":[{"embeddable":true,"href":"https:\/\/genushair.com\/pl\/wp-json\/wp\/v2\/comments?post=13176"}],"version-history":[{"count":15,"href":"https:\/\/genushair.com\/pl\/wp-json\/wp\/v2\/pages\/13176\/revisions"}],"predecessor-version":[{"id":16861,"href":"https:\/\/genushair.com\/pl\/wp-json\/wp\/v2\/pages\/13176\/revisions\/16861"}],"wp:attachment":[{"href":"https:\/\/genushair.com\/pl\/wp-json\/wp\/v2\/media?parent=13176"}],"curies":[{"name":"wp","href":"https:\/\/api.w.org\/{rel}","templated":true}]}}